{"id":45073,"date":"2024-08-18T09:28:37","date_gmt":"2024-08-18T09:28:37","guid":{"rendered":"https:\/\/staging.nbg.eu\/product\/lynx-belt-steel-mini-punch-tool\/"},"modified":"2024-09-10T12:26:09","modified_gmt":"2024-09-10T12:26:09","slug":"cinto-lynx-ferramenta-mini-puncao-em-aco","status":"publish","type":"product","link":"https:\/\/staging.nbg.eu\/pt-pt\/produto\/cinto-lynx-ferramenta-mini-puncao-em-aco\/","title":{"rendered":"Cinto Lynx: Ferramenta Mini Pun\u00e7\u00e3o em A\u00e7o"},"content":{"rendered":"<p>O Lynx Belt: Ferramenta Mini Punch de A\u00e7o \u00e9 um pun\u00e7\u00e3o compacto de a\u00e7o feito sob medida, projetado para remover pinos de rolo de forma r\u00e1pida e f\u00e1cil. Perfeito para ajustar elos de cinto, esta ferramenta leve mede 70mm de comprimento, com um di\u00e2metro de cabe\u00e7a de 6mm e di\u00e2metro de haste de 2,5mm. Ideal para o kit de ferramentas da sua bolsa de tiro.<\/p>\n","protected":false},"excerpt":{"rendered":"<p>Ferramenta compacta de pun\u00e7\u00e3o de a\u00e7o para ajustes r\u00e1pidos e f\u00e1ceis de elos de cinto.<\/p>\n","protected":false},"featured_media":26716,"template":"","meta":{"_acf_changed":false},"product_brand":[11280],"product_cat":[574,1109],"product_tag":[],"class_list":{"0":"post-45073","1":"product","2":"type-product","3":"status-publish","4":"has-post-thumbnail","6":"product_brand-doublealpha","7":"product_cat-gear-pt-pt","8":"product_cat-sports-belts-pt-pt","10":"first","11":"instock","12":"taxable","13":"shipping-taxable","14":"purchasable","15":"product-type-simple"},"acf":[],"_links":{"self":[{"href":"https:\/\/staging.nbg.eu\/pt-pt\/wp-json\/wp\/v2\/product\/45073","targetHints":{"allow":["GET"]}}],"collection":[{"href":"https:\/\/staging.nbg.eu\/pt-pt\/wp-json\/wp\/v2\/product"}],"about":[{"href":"https:\/\/staging.nbg.eu\/pt-pt\/wp-json\/wp\/v2\/types\/product"}],"wp:featuredmedia":[{"embeddable":true,"href":"https:\/\/staging.nbg.eu\/pt-pt\/wp-json\/wp\/v2\/media\/26716"}],"wp:attachment":[{"href":"https:\/\/staging.nbg.eu\/pt-pt\/wp-json\/wp\/v2\/media?parent=45073"}],"wp:term":[{"taxonomy":"product_brand","embeddable":true,"href":"https:\/\/staging.nbg.eu\/pt-pt\/wp-json\/wp\/v2\/product_brand?post=45073"},{"taxonomy":"product_cat","embeddable":true,"href":"https:\/\/staging.nbg.eu\/pt-pt\/wp-json\/wp\/v2\/product_cat?post=45073"},{"taxonomy":"product_tag","embeddable":true,"href":"https:\/\/staging.nbg.eu\/pt-pt\/wp-json\/wp\/v2\/product_tag?post=45073"}],"curies":[{"name":"wp","href":"https:\/\/api.w.org\/{rel}","templated":true}]}}