{"id":45051,"date":"2024-08-18T09:29:43","date_gmt":"2024-08-18T09:29:43","guid":{"rendered":"https:\/\/staging.nbg.eu\/product\/daa-primer-tube-cap-5-pack\/"},"modified":"2024-09-10T12:24:10","modified_gmt":"2024-09-10T12:24:10","slug":"tampa-para-tubo-de-espoleta-daa-pacote-com-5","status":"publish","type":"product","link":"https:\/\/staging.nbg.eu\/pt-pt\/produto\/tampa-para-tubo-de-espoleta-daa-pacote-com-5\/","title":{"rendered":"Tampa para Tubo de Espoleta Daa, Pacote com 5"},"content":{"rendered":"<p>\n<strong>Tampa para Tubo de Espoletas DAA, Pacote com 5<\/strong><br \/>\nTampas de extremidade personalizadas em borracha de silicone para tubos de espoletas de 8mm. Evita derramamentos ao usar dispositivos de enchimento r\u00e1pido. F\u00e1cil de usar: deslize, coloque na horizontal. Sem mais bagun\u00e7a de espoletas!<\/p>\n<ul>\n<li>Adapta-se \u00e0 maioria dos tubos de recarga<\/li>\n<li>Compat\u00edvel com DAA Primer-Pro e outros enchimentos<\/li>\n<li>Cor: Vermelho<\/li>\n<li>Pacote com 5 unidades<\/li>\n<\/ul>\n<p>Proteja suas espoletas com estas pr\u00e1ticas tampas!<\/p>\n","protected":false},"excerpt":{"rendered":"<p>Tubos de iniciador de 8 mm seguros com tampas de silicone f\u00e1ceis de colocar e \u00e0 prova de vazamentos.<\/p>\n","protected":false},"featured_media":26739,"template":"","meta":{"_acf_changed":false},"product_brand":[11280],"product_cat":[1082,1235],"product_tag":[],"class_list":{"0":"post-45051","1":"product","2":"type-product","3":"status-publish","4":"has-post-thumbnail","6":"product_brand-doublealpha","7":"product_cat-reloading-pt-pt","8":"product_cat-reloading-accessories-pt-pt","10":"first","11":"outofstock","12":"taxable","13":"shipping-taxable","14":"purchasable","15":"product-type-simple"},"acf":[],"_links":{"self":[{"href":"https:\/\/staging.nbg.eu\/pt-pt\/wp-json\/wp\/v2\/product\/45051","targetHints":{"allow":["GET"]}}],"collection":[{"href":"https:\/\/staging.nbg.eu\/pt-pt\/wp-json\/wp\/v2\/product"}],"about":[{"href":"https:\/\/staging.nbg.eu\/pt-pt\/wp-json\/wp\/v2\/types\/product"}],"wp:featuredmedia":[{"embeddable":true,"href":"https:\/\/staging.nbg.eu\/pt-pt\/wp-json\/wp\/v2\/media\/26739"}],"wp:attachment":[{"href":"https:\/\/staging.nbg.eu\/pt-pt\/wp-json\/wp\/v2\/media?parent=45051"}],"wp:term":[{"taxonomy":"product_brand","embeddable":true,"href":"https:\/\/staging.nbg.eu\/pt-pt\/wp-json\/wp\/v2\/product_brand?post=45051"},{"taxonomy":"product_cat","embeddable":true,"href":"https:\/\/staging.nbg.eu\/pt-pt\/wp-json\/wp\/v2\/product_cat?post=45051"},{"taxonomy":"product_tag","embeddable":true,"href":"https:\/\/staging.nbg.eu\/pt-pt\/wp-json\/wp\/v2\/product_tag?post=45051"}],"curies":[{"name":"wp","href":"https:\/\/api.w.org\/{rel}","templated":true}]}}