{"id":45029,"date":"2024-08-18T09:29:56","date_gmt":"2024-09-10T12:18:20","guid":{"rendered":"https:\/\/staging.nbg.eu\/product\/buckle-kit-lynx\/"},"modified":"2024-09-10T12:19:04","modified_gmt":"2024-09-10T12:19:04","slug":"kit-de-fivela-lynx","status":"publish","type":"product","link":"https:\/\/staging.nbg.eu\/pt-pt\/produto\/kit-de-fivela-lynx\/","title":{"rendered":"Kit de Fivela &#8211; Lynx"},"content":{"rendered":"<div class=\"product-description\">\n<h2>Kit de Fivela &#8211; Lynx<\/h2>\n<p>Atualize seu cinto Lynx com nosso Kit de Fivela pronto para usar! Este pacote completo inclui:<\/p>\n<ul>\n<li>Fivela Lynx totalmente montada<\/li>\n<li>Pe\u00e7a final do cinto Lynx<\/li>\n<li>50 pinos de rolagem para montagem do cinto<\/li>\n<li>Anel O de silicone sobressalente<\/li>\n<li>Ferramenta mini pun\u00e7\u00e3o de a\u00e7o personalizada<\/li>\n<\/ul>\n<p>Basta fixar a fivela pr\u00e9-montada ao seu cinto Lynx para uso imediato. Nosso kit fornece tudo o que voc\u00ea precisa para uma atualiza\u00e7\u00e3o r\u00e1pida e sem complica\u00e7\u00f5es do seu cinto.<\/p>\n<\/div>\n","protected":false},"excerpt":{"rendered":"<p>Kit de fivela Lynx pronto para uso com ferramentas para f\u00e1cil montagem de cinto.<\/p>\n","protected":false},"featured_media":26785,"template":"","meta":{"_acf_changed":false},"product_brand":[11280],"product_cat":[574,1109],"product_tag":[],"class_list":{"0":"post-45029","1":"product","2":"type-product","3":"status-publish","4":"has-post-thumbnail","6":"product_brand-doublealpha","7":"product_cat-gear-pt-pt","8":"product_cat-sports-belts-pt-pt","10":"first","11":"instock","12":"taxable","13":"shipping-taxable","14":"purchasable","15":"product-type-simple"},"acf":[],"_links":{"self":[{"href":"https:\/\/staging.nbg.eu\/pt-pt\/wp-json\/wp\/v2\/product\/45029","targetHints":{"allow":["GET"]}}],"collection":[{"href":"https:\/\/staging.nbg.eu\/pt-pt\/wp-json\/wp\/v2\/product"}],"about":[{"href":"https:\/\/staging.nbg.eu\/pt-pt\/wp-json\/wp\/v2\/types\/product"}],"wp:featuredmedia":[{"embeddable":true,"href":"https:\/\/staging.nbg.eu\/pt-pt\/wp-json\/wp\/v2\/media\/26785"}],"wp:attachment":[{"href":"https:\/\/staging.nbg.eu\/pt-pt\/wp-json\/wp\/v2\/media?parent=45029"}],"wp:term":[{"taxonomy":"product_brand","embeddable":true,"href":"https:\/\/staging.nbg.eu\/pt-pt\/wp-json\/wp\/v2\/product_brand?post=45029"},{"taxonomy":"product_cat","embeddable":true,"href":"https:\/\/staging.nbg.eu\/pt-pt\/wp-json\/wp\/v2\/product_cat?post=45029"},{"taxonomy":"product_tag","embeddable":true,"href":"https:\/\/staging.nbg.eu\/pt-pt\/wp-json\/wp\/v2\/product_tag?post=45029"}],"curies":[{"name":"wp","href":"https:\/\/api.w.org\/{rel}","templated":true}]}}