{"id":44963,"date":"2024-08-18T09:31:20","date_gmt":"2024-08-18T09:31:20","guid":{"rendered":"https:\/\/staging.nbg.eu\/product\/dillon-daa-click-adjustable-powder-knob-v2\/"},"modified":"2024-09-10T11:51:15","modified_gmt":"2024-09-10T11:51:15","slug":"botao-de-po-ajustavel-por-clique-dillon-daa-v2","status":"publish","type":"product","link":"https:\/\/staging.nbg.eu\/pt-pt\/produto\/botao-de-po-ajustavel-por-clique-dillon-daa-v2\/","title":{"rendered":"Bot\u00e3o de P\u00f3 Ajust\u00e1vel por Clique Dillon &#8211; Daa V2"},"content":{"rendered":"<div class=\"product-description\">\n<h2>Dillon &#8211; Bot\u00e3o de P\u00f3lvora Ajust\u00e1vel com Cliques DAA V2<\/h2>\n<p>Aprimore sua experi\u00eancia de recarga com o Bot\u00e3o de P\u00f3lvora Ajust\u00e1vel com Cliques DAA V2, a segunda gera\u00e7\u00e3o aperfei\u00e7oada da DAA. Este bot\u00e3o de engenharia de precis\u00e3o apresenta:<\/p>\n<ul>\n<li>Constru\u00e7\u00e3o em alum\u00ednio em duas pe\u00e7as para f\u00e1cil montagem<\/li>\n<li>Bot\u00e3o redondo de 32mm em alum\u00ednio usinado com grava\u00e7\u00e3o a laser<\/li>\n<li>Borda externa serrilhada para melhor ader\u00eancia e controle<\/li>\n<li>Cliques aud\u00edveis para ajustes precisos de 18 graus<\/li>\n<li>20 cliques por rota\u00e7\u00e3o para controle preciso da carga de p\u00f3lvora<\/li>\n<li>Mostrador gravado a laser indicando aumento\/diminui\u00e7\u00e3o da carga<\/li>\n<li>Compat\u00edvel com barras de carga pequenas Dillon (n\u00e3o para barras de carga de rifles grandes)<\/li>\n<\/ul>\n<p>Instale e ajuste suas cargas de p\u00f3lvora sem esfor\u00e7o com este bot\u00e3o elegante, funcional e f\u00e1cil de usar. Eleve seu equipamento de recarga hoje!<\/p>\n<\/div>\n","protected":false},"excerpt":{"rendered":"<p>Ajuste preciso e f\u00e1cil de usar da carga de p\u00f3lvora para prensas Dillon.<\/p>\n","protected":false},"featured_media":27061,"template":"","meta":{"_acf_changed":false},"product_brand":[11280],"product_cat":[1082,1235],"product_tag":[],"class_list":{"0":"post-44963","1":"product","2":"type-product","3":"status-publish","4":"has-post-thumbnail","6":"product_brand-doublealpha","7":"product_cat-reloading-pt-pt","8":"product_cat-reloading-accessories-pt-pt","10":"first","11":"outofstock","12":"taxable","13":"shipping-taxable","14":"purchasable","15":"product-type-simple"},"acf":[],"_links":{"self":[{"href":"https:\/\/staging.nbg.eu\/pt-pt\/wp-json\/wp\/v2\/product\/44963","targetHints":{"allow":["GET"]}}],"collection":[{"href":"https:\/\/staging.nbg.eu\/pt-pt\/wp-json\/wp\/v2\/product"}],"about":[{"href":"https:\/\/staging.nbg.eu\/pt-pt\/wp-json\/wp\/v2\/types\/product"}],"wp:featuredmedia":[{"embeddable":true,"href":"https:\/\/staging.nbg.eu\/pt-pt\/wp-json\/wp\/v2\/media\/27061"}],"wp:attachment":[{"href":"https:\/\/staging.nbg.eu\/pt-pt\/wp-json\/wp\/v2\/media?parent=44963"}],"wp:term":[{"taxonomy":"product_brand","embeddable":true,"href":"https:\/\/staging.nbg.eu\/pt-pt\/wp-json\/wp\/v2\/product_brand?post=44963"},{"taxonomy":"product_cat","embeddable":true,"href":"https:\/\/staging.nbg.eu\/pt-pt\/wp-json\/wp\/v2\/product_cat?post=44963"},{"taxonomy":"product_tag","embeddable":true,"href":"https:\/\/staging.nbg.eu\/pt-pt\/wp-json\/wp\/v2\/product_tag?post=44963"}],"curies":[{"name":"wp","href":"https:\/\/api.w.org\/{rel}","templated":true}]}}