{"id":44941,"date":"2024-08-18T09:31:43","date_gmt":"2024-08-18T09:31:43","guid":{"rendered":"https:\/\/staging.nbg.eu\/product\/daa-reloading-hex-key-set\/"},"modified":"2024-09-10T11:36:00","modified_gmt":"2024-09-10T11:36:00","slug":"conjunto-de-chaves-sextavadas-daa-para-recarga","status":"publish","type":"product","link":"https:\/\/staging.nbg.eu\/pt-pt\/produto\/conjunto-de-chaves-sextavadas-daa-para-recarga\/","title":{"rendered":"# Conjunto de Chaves Sextavadas Daa para Recarga"},"content":{"rendered":"<p>Aprimore sua experi\u00eancia de recarga com o Conjunto de Chaves Hexagonais DAA para Recarga. Este conjunto de 7 pe\u00e7as de chaves Allen longas com ponta esf\u00e9rica apresenta:<\/p>\n<ul>\n<li>Constru\u00e7\u00e3o de alta qualidade<\/li>\n<li>Ombros revestidos de vinil vermelho brilhante para maior visibilidade<\/li>\n<li>Perfeito para prensas Dillon e outras marcas fabricadas nos EUA<\/li>\n<li>Tamanhos: 5\/64&#8243;, 3\/32&#8243;, 1\/8&#8243;, 9\/64&#8243;, 5\/32&#8243;, 3\/16&#8243;, 1\/4&#8243;<\/li>\n<\/ul>\n<p>Companheiro ideal para o Suporte de Ferramentas para Prensa de Recarga DAA.<\/p>\n","protected":false},"excerpt":{"rendered":"<p>Conjunto de 7 chaves Allen com ponta esf\u00e9rica para prensas de recarga dos EUA. Vinil vermelho.<\/p>\n","protected":false},"featured_media":27153,"template":"","meta":{"_acf_changed":false},"product_brand":[11280],"product_cat":[1082,1235],"product_tag":[],"class_list":{"0":"post-44941","1":"product","2":"type-product","3":"status-publish","4":"has-post-thumbnail","6":"product_brand-doublealpha","7":"product_cat-reloading-pt-pt","8":"product_cat-reloading-accessories-pt-pt","10":"first","11":"outofstock","12":"taxable","13":"shipping-taxable","14":"purchasable","15":"product-type-simple"},"acf":[],"_links":{"self":[{"href":"https:\/\/staging.nbg.eu\/pt-pt\/wp-json\/wp\/v2\/product\/44941","targetHints":{"allow":["GET"]}}],"collection":[{"href":"https:\/\/staging.nbg.eu\/pt-pt\/wp-json\/wp\/v2\/product"}],"about":[{"href":"https:\/\/staging.nbg.eu\/pt-pt\/wp-json\/wp\/v2\/types\/product"}],"wp:featuredmedia":[{"embeddable":true,"href":"https:\/\/staging.nbg.eu\/pt-pt\/wp-json\/wp\/v2\/media\/27153"}],"wp:attachment":[{"href":"https:\/\/staging.nbg.eu\/pt-pt\/wp-json\/wp\/v2\/media?parent=44941"}],"wp:term":[{"taxonomy":"product_brand","embeddable":true,"href":"https:\/\/staging.nbg.eu\/pt-pt\/wp-json\/wp\/v2\/product_brand?post=44941"},{"taxonomy":"product_cat","embeddable":true,"href":"https:\/\/staging.nbg.eu\/pt-pt\/wp-json\/wp\/v2\/product_cat?post=44941"},{"taxonomy":"product_tag","embeddable":true,"href":"https:\/\/staging.nbg.eu\/pt-pt\/wp-json\/wp\/v2\/product_tag?post=44941"}],"curies":[{"name":"wp","href":"https:\/\/api.w.org\/{rel}","templated":true}]}}