{"id":44919,"date":"2024-08-18T09:32:43","date_gmt":"2024-08-18T09:32:43","guid":{"rendered":"https:\/\/staging.nbg.eu\/product\/daa-toolhead-led-lighting-controller-unit\/"},"modified":"2024-09-10T11:31:02","modified_gmt":"2024-09-10T11:31:02","slug":"unidade-controladora-de-iluminacao-led-daa-para-cabecote","status":"publish","type":"product","link":"https:\/\/staging.nbg.eu\/pt-pt\/produto\/unidade-controladora-de-iluminacao-led-daa-para-cabecote\/","title":{"rendered":"Unidade Controladora de Ilumina\u00e7\u00e3o LED Daa para Cabe\u00e7ote"},"content":{"rendered":"<h2>Unidade Controladora de Ilumina\u00e7\u00e3o LED para Cabe\u00e7ote DAA<\/h2>\n<p>Ilumine seu espa\u00e7o de trabalho com precis\u00e3o! Este controlador vers\u00e1til alimenta todas as luzes LED de cabe\u00e7ote DAA, desde placas de 4 LEDs at\u00e9 placas Mark7 de 10 LEDs. Os recursos incluem:<\/p>\n<ul>\n<li>Eletr\u00f4nica inteligente para identifica\u00e7\u00e3o autom\u00e1tica da placa<\/li>\n<li>Design compacto com interruptor ON\/OFF girat\u00f3rio e dimmer<\/li>\n<li>Cabo de conex\u00e3o de 30cm<\/li>\n<li>Aba de velcro para f\u00e1cil montagem<\/li>\n<li>Fonte de alimenta\u00e7\u00e3o 110\/220V com cabo de 2M e plugues EUA\/UE<\/li>\n<\/ul>\n<p>Otimize sua configura\u00e7\u00e3o de ilumina\u00e7\u00e3o com este acess\u00f3rio essencial!<\/p>\n","protected":false},"excerpt":{"rendered":"<p>Controlador LED vers\u00e1til com dimmer para ilumina\u00e7\u00e3o de prensas de recarga.<\/p>\n","protected":false},"featured_media":27199,"template":"","meta":{"_acf_changed":false},"product_brand":[11280],"product_cat":[1082,1235],"product_tag":[],"class_list":{"0":"post-44919","1":"product","2":"type-product","3":"status-publish","4":"has-post-thumbnail","6":"product_brand-doublealpha","7":"product_cat-reloading-pt-pt","8":"product_cat-reloading-accessories-pt-pt","10":"first","11":"outofstock","12":"taxable","13":"shipping-taxable","14":"purchasable","15":"product-type-simple"},"acf":[],"_links":{"self":[{"href":"https:\/\/staging.nbg.eu\/pt-pt\/wp-json\/wp\/v2\/product\/44919","targetHints":{"allow":["GET"]}}],"collection":[{"href":"https:\/\/staging.nbg.eu\/pt-pt\/wp-json\/wp\/v2\/product"}],"about":[{"href":"https:\/\/staging.nbg.eu\/pt-pt\/wp-json\/wp\/v2\/types\/product"}],"wp:featuredmedia":[{"embeddable":true,"href":"https:\/\/staging.nbg.eu\/pt-pt\/wp-json\/wp\/v2\/media\/27199"}],"wp:attachment":[{"href":"https:\/\/staging.nbg.eu\/pt-pt\/wp-json\/wp\/v2\/media?parent=44919"}],"wp:term":[{"taxonomy":"product_brand","embeddable":true,"href":"https:\/\/staging.nbg.eu\/pt-pt\/wp-json\/wp\/v2\/product_brand?post=44919"},{"taxonomy":"product_cat","embeddable":true,"href":"https:\/\/staging.nbg.eu\/pt-pt\/wp-json\/wp\/v2\/product_cat?post=44919"},{"taxonomy":"product_tag","embeddable":true,"href":"https:\/\/staging.nbg.eu\/pt-pt\/wp-json\/wp\/v2\/product_tag?post=44919"}],"curies":[{"name":"wp","href":"https:\/\/api.w.org\/{rel}","templated":true}]}}