{"id":44853,"date":"2024-08-18T09:33:44","date_gmt":"2024-08-18T09:33:44","guid":{"rendered":"https:\/\/staging.nbg.eu\/product\/pro-grip-lotion-2oz\/"},"modified":"2024-09-10T11:15:28","modified_gmt":"2024-09-10T11:15:28","slug":"locao-pro-grip-2oz","status":"publish","type":"product","link":"https:\/\/staging.nbg.eu\/pt-pt\/produto\/locao-pro-grip-2oz\/","title":{"rendered":"Lo\u00e7\u00e3o Pro Grip 2Oz"},"content":{"rendered":"<p>\nMelhore seu desempenho de tiro com a Lo\u00e7\u00e3o Pro Grip de 60ml. Confiada por campe\u00f5es como Jerry Barnhart, Todd Jarrett e Saul Kirsch, esta lo\u00e7\u00e3o em embalagem conveniente supera o desempenho de resina e giz. Experimente uma ader\u00eancia superior, melhor controle da arma e tempos de recupera\u00e7\u00e3o mais r\u00e1pidos. Um item essencial para a bolsa de todo atirador, o Pro Grip \u00e9 a arma secreta para o sucesso no tiro de a\u00e7\u00e3o.<\/p>\n","protected":false},"excerpt":{"rendered":"<p>Pro Grip: Lo\u00e7\u00e3o aprovada por campe\u00f5es para um controle superior da arma.<\/p>\n","protected":false},"featured_media":27291,"template":"","meta":{"_acf_changed":false},"product_brand":[11280],"product_cat":[574,1034,1035],"product_tag":[],"class_list":{"0":"post-44853","1":"product","2":"type-product","3":"status-publish","4":"has-post-thumbnail","6":"product_brand-doublealpha","7":"product_cat-gear-pt-pt","8":"product_cat-holster-pt-pt","9":"product_cat-holster-accessories-pt-pt","11":"first","12":"instock","13":"taxable","14":"shipping-taxable","15":"purchasable","16":"product-type-simple"},"acf":[],"_links":{"self":[{"href":"https:\/\/staging.nbg.eu\/pt-pt\/wp-json\/wp\/v2\/product\/44853","targetHints":{"allow":["GET"]}}],"collection":[{"href":"https:\/\/staging.nbg.eu\/pt-pt\/wp-json\/wp\/v2\/product"}],"about":[{"href":"https:\/\/staging.nbg.eu\/pt-pt\/wp-json\/wp\/v2\/types\/product"}],"wp:featuredmedia":[{"embeddable":true,"href":"https:\/\/staging.nbg.eu\/pt-pt\/wp-json\/wp\/v2\/media\/27291"}],"wp:attachment":[{"href":"https:\/\/staging.nbg.eu\/pt-pt\/wp-json\/wp\/v2\/media?parent=44853"}],"wp:term":[{"taxonomy":"product_brand","embeddable":true,"href":"https:\/\/staging.nbg.eu\/pt-pt\/wp-json\/wp\/v2\/product_brand?post=44853"},{"taxonomy":"product_cat","embeddable":true,"href":"https:\/\/staging.nbg.eu\/pt-pt\/wp-json\/wp\/v2\/product_cat?post=44853"},{"taxonomy":"product_tag","embeddable":true,"href":"https:\/\/staging.nbg.eu\/pt-pt\/wp-json\/wp\/v2\/product_tag?post=44853"}],"curies":[{"name":"wp","href":"https:\/\/api.w.org\/{rel}","templated":true}]}}