{"id":44809,"date":"2024-08-18T09:35:16","date_gmt":"2024-08-18T09:35:16","guid":{"rendered":"https:\/\/staging.nbg.eu\/product\/daa-4-pack-magnetic-collars-for-primer-tube\/"},"modified":"2024-09-10T11:06:04","modified_gmt":"2024-09-10T11:06:04","slug":"daa-pacote-com-4-colares-magneticos-para-tubo-de-espoleta","status":"publish","type":"product","link":"https:\/\/staging.nbg.eu\/pt-pt\/produto\/daa-pacote-com-4-colares-magneticos-para-tubo-de-espoleta\/","title":{"rendered":"Daa Pacote com 4 Colares Magn\u00e9ticos para Tubo de Espoleta"},"content":{"rendered":"<div class=\"product-description\">\n<h2>Conjunto de 4 Colares Magn\u00e9ticos DAA para Tubo de Espoletas<\/h2>\n<p>Melhore a efici\u00eancia do seu recarregamento com o Conjunto de 4 Colares Magn\u00e9ticos DAA, projetados especificamente para uso com tubos de capta\u00e7\u00e3o Dillon e o organizador de espoletas PRIMER-PRO.<\/p>\n<ul>\n<li>O conjunto inclui 4 colares de pol\u00edmero com \u00edm\u00e3s fixos e parafusos de ajuste<\/li>\n<li>Compat\u00edvel com tubos de espoletas Dillon<\/li>\n<li>Ideal para pr\u00e9-encher v\u00e1rios tubos antes das sess\u00f5es de recarga<\/li>\n<li>Elimina a necessidade de retornar frequentemente \u00e0 unidade PRIMER-PRO<\/li>\n<li>Complemento perfeito para o PRIMER-PRO, que vem com um Colar Magn\u00e9tico<\/li>\n<\/ul>\n<p><strong>Nota:<\/strong> Tubos de espoletas N\u00c3O est\u00e3o inclu\u00eddos.<\/p>\n<p>Otimize seu fluxo de trabalho de recarga e economize tempo com esses Colares Magn\u00e9ticos adicionais, permitindo que voc\u00ea prepare v\u00e1rios tubos de espoletas com anteced\u00eancia.<\/p>\n<\/div>\n","protected":false},"excerpt":{"rendered":"<p>4 colares magn\u00e9ticos para tubos de espoleta Dillon. Use com o PRIMER-PRO.<\/p>\n","protected":false},"featured_media":27360,"template":"","meta":{"_acf_changed":false},"product_brand":[11280],"product_cat":[1082,1235],"product_tag":[],"class_list":{"0":"post-44809","1":"product","2":"type-product","3":"status-publish","4":"has-post-thumbnail","6":"product_brand-doublealpha","7":"product_cat-reloading-pt-pt","8":"product_cat-reloading-accessories-pt-pt","10":"first","11":"outofstock","12":"taxable","13":"shipping-taxable","14":"purchasable","15":"product-type-simple"},"acf":[],"_links":{"self":[{"href":"https:\/\/staging.nbg.eu\/pt-pt\/wp-json\/wp\/v2\/product\/44809","targetHints":{"allow":["GET"]}}],"collection":[{"href":"https:\/\/staging.nbg.eu\/pt-pt\/wp-json\/wp\/v2\/product"}],"about":[{"href":"https:\/\/staging.nbg.eu\/pt-pt\/wp-json\/wp\/v2\/types\/product"}],"wp:featuredmedia":[{"embeddable":true,"href":"https:\/\/staging.nbg.eu\/pt-pt\/wp-json\/wp\/v2\/media\/27360"}],"wp:attachment":[{"href":"https:\/\/staging.nbg.eu\/pt-pt\/wp-json\/wp\/v2\/media?parent=44809"}],"wp:term":[{"taxonomy":"product_brand","embeddable":true,"href":"https:\/\/staging.nbg.eu\/pt-pt\/wp-json\/wp\/v2\/product_brand?post=44809"},{"taxonomy":"product_cat","embeddable":true,"href":"https:\/\/staging.nbg.eu\/pt-pt\/wp-json\/wp\/v2\/product_cat?post=44809"},{"taxonomy":"product_tag","embeddable":true,"href":"https:\/\/staging.nbg.eu\/pt-pt\/wp-json\/wp\/v2\/product_tag?post=44809"}],"curies":[{"name":"wp","href":"https:\/\/api.w.org\/{rel}","templated":true}]}}