{"id":44787,"date":"2024-08-18T09:35:34","date_gmt":"2024-08-18T09:35:34","guid":{"rendered":"https:\/\/staging.nbg.eu\/product\/mr-bulletfeeder-pro-dropper-assembly-9-38s\/"},"modified":"2024-09-10T10:59:17","modified_gmt":"2024-09-10T10:59:17","slug":"conjunto-dosador-mr-bulletfeeder-pro-938s","status":"publish","type":"product","link":"https:\/\/staging.nbg.eu\/pt-pt\/produto\/conjunto-dosador-mr-bulletfeeder-pro-938s\/","title":{"rendered":"Conjunto Dosador Mr. Bulletfeeder Pro 9\/38S"},"content":{"rendered":"<p>Aprimore seu equipamento de recarga com o <strong>Conjunto de Alimenta\u00e7\u00e3o Mr. Bulletfeeder Pro 9\/38S<\/strong>. Este componente aprimorado apresenta:<\/p>\n<ul>\n<li>Desempenho aprimorado movido pela gravidade<\/li>\n<li>Se\u00e7\u00e3o de lat\u00e3o de comprimento duplo para maior peso e confiabilidade<\/li>\n<li>Se\u00e7\u00e3o de matriz totalmente em a\u00e7o para maior durabilidade<\/li>\n<li>Evita travamentos causados pela tens\u00e3o da mola de alimenta\u00e7\u00e3o ou atrito<\/li>\n<li>Projetado para recarregadores de alto volume<\/li>\n<\/ul>\n<p>Experimente uma alimenta\u00e7\u00e3o de proj\u00e9teis consistente e eficiente com este conjunto de alimenta\u00e7\u00e3o de n\u00edvel profissional.<\/p>\n","protected":false},"excerpt":{"rendered":"<p>Alimentador aprimorado e mais pesado para carregamento confi\u00e1vel de muni\u00e7\u00e3o. Pe\u00e7as de a\u00e7o para maior durabilidade.<\/p>\n","protected":false},"featured_media":27383,"template":"","meta":{"_acf_changed":false},"product_brand":[11280],"product_cat":[1082,1235],"product_tag":[],"class_list":{"0":"post-44787","1":"product","2":"type-product","3":"status-publish","4":"has-post-thumbnail","6":"product_brand-doublealpha","7":"product_cat-reloading-pt-pt","8":"product_cat-reloading-accessories-pt-pt","10":"first","11":"outofstock","12":"taxable","13":"shipping-taxable","14":"purchasable","15":"product-type-simple"},"acf":[],"_links":{"self":[{"href":"https:\/\/staging.nbg.eu\/pt-pt\/wp-json\/wp\/v2\/product\/44787","targetHints":{"allow":["GET"]}}],"collection":[{"href":"https:\/\/staging.nbg.eu\/pt-pt\/wp-json\/wp\/v2\/product"}],"about":[{"href":"https:\/\/staging.nbg.eu\/pt-pt\/wp-json\/wp\/v2\/types\/product"}],"wp:featuredmedia":[{"embeddable":true,"href":"https:\/\/staging.nbg.eu\/pt-pt\/wp-json\/wp\/v2\/media\/27383"}],"wp:attachment":[{"href":"https:\/\/staging.nbg.eu\/pt-pt\/wp-json\/wp\/v2\/media?parent=44787"}],"wp:term":[{"taxonomy":"product_brand","embeddable":true,"href":"https:\/\/staging.nbg.eu\/pt-pt\/wp-json\/wp\/v2\/product_brand?post=44787"},{"taxonomy":"product_cat","embeddable":true,"href":"https:\/\/staging.nbg.eu\/pt-pt\/wp-json\/wp\/v2\/product_cat?post=44787"},{"taxonomy":"product_tag","embeddable":true,"href":"https:\/\/staging.nbg.eu\/pt-pt\/wp-json\/wp\/v2\/product_tag?post=44787"}],"curies":[{"name":"wp","href":"https:\/\/api.w.org\/{rel}","templated":true}]}}