{"id":44651,"date":"2024-08-18T09:37:34","date_gmt":"2024-09-10T09:03:11","guid":{"rendered":"https:\/\/staging.nbg.eu\/product\/flex-holster-spare-slide-lock-teeth-set\/"},"modified":"2024-09-10T09:04:00","modified_gmt":"2024-09-10T09:04:00","slug":"coldre-flex-conjunto-de-dentes-de-trava-do-ferrolho-sobressalente","status":"publish","type":"product","link":"https:\/\/staging.nbg.eu\/pt-pt\/produto\/coldre-flex-conjunto-de-dentes-de-trava-do-ferrolho-sobressalente\/","title":{"rendered":"Coldre Flex &#8211; Conjunto de Dentes de Trava do Ferrolho Sobressalente"},"content":{"rendered":"<div class=\"product-description\">\n<h2>Coldre Flex &#8211; Conjunto de Dentes de Trava Deslizante Sobressalentes<\/h2>\n<p>Aprimore seu coldre Flex com este conjunto de substitui\u00e7\u00e3o de Dentes de Trava Deslizante vermelhos. Compat\u00edvel com blocos de inser\u00e7\u00e3o tipo A e tipo B, este kit inclui:<\/p>\n<ul>\n<li>Dentes de Trava Deslizante Vermelhos<\/li>\n<li>Hardware de montagem (parafusos e porcas)<\/li>\n<\/ul>\n<p>Atualize ou substitua facilmente seus dentes existentes para um desempenho ideal e ajuste seguro.<\/p>\n<\/div>\n","protected":false},"excerpt":{"rendered":"<p>Dentes de travamento vermelho de substitui\u00e7\u00e3o para coldre Flex, com ferragens.<\/p>\n","protected":false},"featured_media":30507,"template":"","meta":{"_acf_changed":false},"product_brand":[11280],"product_cat":[1034,1035,1036],"product_tag":[],"class_list":{"0":"post-44651","1":"product","2":"type-product","3":"status-publish","4":"has-post-thumbnail","6":"product_brand-doublealpha","7":"product_cat-holster-pt-pt","8":"product_cat-holster-accessories-pt-pt","9":"product_cat-sport-holster-pt-pt","11":"first","12":"instock","13":"taxable","14":"shipping-taxable","15":"purchasable","16":"product-type-simple"},"acf":[],"_links":{"self":[{"href":"https:\/\/staging.nbg.eu\/pt-pt\/wp-json\/wp\/v2\/product\/44651","targetHints":{"allow":["GET"]}}],"collection":[{"href":"https:\/\/staging.nbg.eu\/pt-pt\/wp-json\/wp\/v2\/product"}],"about":[{"href":"https:\/\/staging.nbg.eu\/pt-pt\/wp-json\/wp\/v2\/types\/product"}],"wp:featuredmedia":[{"embeddable":true,"href":"https:\/\/staging.nbg.eu\/pt-pt\/wp-json\/wp\/v2\/media\/30507"}],"wp:attachment":[{"href":"https:\/\/staging.nbg.eu\/pt-pt\/wp-json\/wp\/v2\/media?parent=44651"}],"wp:term":[{"taxonomy":"product_brand","embeddable":true,"href":"https:\/\/staging.nbg.eu\/pt-pt\/wp-json\/wp\/v2\/product_brand?post=44651"},{"taxonomy":"product_cat","embeddable":true,"href":"https:\/\/staging.nbg.eu\/pt-pt\/wp-json\/wp\/v2\/product_cat?post=44651"},{"taxonomy":"product_tag","embeddable":true,"href":"https:\/\/staging.nbg.eu\/pt-pt\/wp-json\/wp\/v2\/product_tag?post=44651"}],"curies":[{"name":"wp","href":"https:\/\/api.w.org\/{rel}","templated":true}]}}