{"id":44577,"date":"2024-08-18T09:38:38","date_gmt":"2024-08-18T09:38:38","guid":{"rendered":"https:\/\/staging.nbg.eu\/product\/daa-primer-pro-collator-small-primer\/"},"modified":"2024-09-10T08:47:24","modified_gmt":"2024-09-10T08:47:24","slug":"colador-daa-primer-pro-para-espoleta-pequena","status":"publish","type":"product","link":"https:\/\/staging.nbg.eu\/pt-pt\/produto\/colador-daa-primer-pro-para-espoleta-pequena\/","title":{"rendered":"Colador Daa Primer-Pro para Espoleta Pequena"},"content":{"rendered":"<h2>Daa Primer-Pro Collator Espoleta Pequena<\/h2>\n<p>Revolucione seu processo de recarga com o PRIMER-PRO da Double-Alpha! Este dispositivo inovador e com patente pendente oferece uma solu\u00e7\u00e3o \u00fanica para lidar com espoletas pequenas de rifle e pistola.<\/p>\n<ul>\n<li>Design eficiente tipo colador com 20 canais de precis\u00e3o<\/li>\n<li>Sistema confi\u00e1vel de rejei\u00e7\u00e3o garante a orienta\u00e7\u00e3o correta da espoleta<\/li>\n<li>Sensor \u00f3ptico conta as espoletas e para em 100<\/li>\n<li>Preven\u00e7\u00e3o inteligente de atolamentos e f\u00e1cil resolu\u00e7\u00e3o de problemas<\/li>\n<li>Bra\u00e7o Atuador de Sa\u00edda inovador para coloca\u00e7\u00e3o suave da espoleta<\/li>\n<li>Inclui um Colar Magn\u00e9tico para Tubo de Espoletas Dillon<\/li>\n<li>Fonte de alimenta\u00e7\u00e3o 12V DC com adaptadores EUA\/UE e cabo de 2m<\/li>\n<\/ul>\n<p>Observa\u00e7\u00e3o: Tubo de espoletas n\u00e3o inclu\u00eddo. Colares Magn\u00e9ticos adicionais dispon\u00edveis separadamente.<\/p>\n","protected":false},"excerpt":{"rendered":"<p>Coletor de espoletas pequeno, eficiente e confi\u00e1vel para recarregamento r\u00e1pido.<\/p>\n","protected":false},"featured_media":28211,"template":"","meta":{"_acf_changed":false},"product_brand":[11280],"product_cat":[1082,1083],"product_tag":[],"class_list":{"0":"post-44577","1":"product","2":"type-product","3":"status-publish","4":"has-post-thumbnail","6":"product_brand-doublealpha","7":"product_cat-reloading-pt-pt","8":"product_cat-reloading-machines-pt-pt","10":"first","11":"outofstock","12":"taxable","13":"shipping-taxable","14":"purchasable","15":"product-type-simple"},"acf":[],"_links":{"self":[{"href":"https:\/\/staging.nbg.eu\/pt-pt\/wp-json\/wp\/v2\/product\/44577","targetHints":{"allow":["GET"]}}],"collection":[{"href":"https:\/\/staging.nbg.eu\/pt-pt\/wp-json\/wp\/v2\/product"}],"about":[{"href":"https:\/\/staging.nbg.eu\/pt-pt\/wp-json\/wp\/v2\/types\/product"}],"wp:featuredmedia":[{"embeddable":true,"href":"https:\/\/staging.nbg.eu\/pt-pt\/wp-json\/wp\/v2\/media\/28211"}],"wp:attachment":[{"href":"https:\/\/staging.nbg.eu\/pt-pt\/wp-json\/wp\/v2\/media?parent=44577"}],"wp:term":[{"taxonomy":"product_brand","embeddable":true,"href":"https:\/\/staging.nbg.eu\/pt-pt\/wp-json\/wp\/v2\/product_brand?post=44577"},{"taxonomy":"product_cat","embeddable":true,"href":"https:\/\/staging.nbg.eu\/pt-pt\/wp-json\/wp\/v2\/product_cat?post=44577"},{"taxonomy":"product_tag","embeddable":true,"href":"https:\/\/staging.nbg.eu\/pt-pt\/wp-json\/wp\/v2\/product_tag?post=44577"}],"curies":[{"name":"wp","href":"https:\/\/api.w.org\/{rel}","templated":true}]}}