{"id":44529,"date":"2024-08-18T09:39:07","date_gmt":"2024-08-18T09:39:07","guid":{"rendered":"https:\/\/staging.nbg.eu\/product\/daa-pcc-magzine-pouch-type-glock\/"},"modified":"2024-09-10T08:33:37","modified_gmt":"2024-09-10T08:33:37","slug":"porta-carregador-daa-pcc-tipo-glock","status":"publish","type":"product","link":"https:\/\/staging.nbg.eu\/pt-pt\/produto\/porta-carregador-daa-pcc-tipo-glock\/","title":{"rendered":"Porta-Carregador Daa Pcc &#8211; Tipo Glock"},"content":{"rendered":"<h2>Porta-Carregador DAA PCC &#8211; Tipo Glock<\/h2>\n<p>Eleve seu desempenho com Carabina de Pistola (PCC) com o Porta-Carregador DAA PCC, especialmente projetado para carregadores Glock. Este porta-carregador personalizado aborda os desafios \u00fanicos das competi\u00e7\u00f5es IPSC e USPSA.<\/p>\n<ul>\n<li>Constru\u00e7\u00e3o robusta em nylon refor\u00e7ado com fibra<\/li>\n<li>Design extra-longo (12cm\/4,75&#8243;) para segurar com seguran\u00e7a carregadores de 40-50 tiros<\/li>\n<li>For\u00e7a de reten\u00e7\u00e3o ajust\u00e1vel com dois parafusos<\/li>\n<li>Janela de corte frontal para saques mais r\u00e1pidos<\/li>\n<li>Borda superior chanfrada para recargas mais r\u00e1pidas<\/li>\n<li>Design ambidestro com m\u00faltiplas posi\u00e7\u00f5es de altura<\/li>\n<li>Grande junta esf\u00e9rica para maior durabilidade<\/li>\n<li>Segura os carregadores com as balas apontando para tr\u00e1s para recargas com &#8220;pegada de punho&#8221;<\/li>\n<\/ul>\n<p>Otimize seu desempenho em PCC com este porta-carregador especialmente projetado pela Double-Alpha.<\/p>\n","protected":false},"excerpt":{"rendered":"<p>Porta-carregador PCC para Glock: Ajuste personalizado, seguro, recargas r\u00e1pidas.<\/p>\n","protected":false},"featured_media":28418,"template":"","meta":{"_acf_changed":false},"product_brand":[11280],"product_cat":[574,1214,575,1036],"product_tag":[],"class_list":{"0":"post-44529","1":"product","2":"type-product","3":"status-publish","4":"has-post-thumbnail","6":"product_brand-doublealpha","7":"product_cat-gear-pt-pt","8":"product_cat-magazine-holders-pt-pt","9":"product_cat-pouches-pt-pt","10":"product_cat-sport-holster-pt-pt","12":"first","13":"outofstock","14":"taxable","15":"shipping-taxable","16":"purchasable","17":"product-type-simple"},"acf":[],"_links":{"self":[{"href":"https:\/\/staging.nbg.eu\/pt-pt\/wp-json\/wp\/v2\/product\/44529","targetHints":{"allow":["GET"]}}],"collection":[{"href":"https:\/\/staging.nbg.eu\/pt-pt\/wp-json\/wp\/v2\/product"}],"about":[{"href":"https:\/\/staging.nbg.eu\/pt-pt\/wp-json\/wp\/v2\/types\/product"}],"wp:featuredmedia":[{"embeddable":true,"href":"https:\/\/staging.nbg.eu\/pt-pt\/wp-json\/wp\/v2\/media\/28418"}],"wp:attachment":[{"href":"https:\/\/staging.nbg.eu\/pt-pt\/wp-json\/wp\/v2\/media?parent=44529"}],"wp:term":[{"taxonomy":"product_brand","embeddable":true,"href":"https:\/\/staging.nbg.eu\/pt-pt\/wp-json\/wp\/v2\/product_brand?post=44529"},{"taxonomy":"product_cat","embeddable":true,"href":"https:\/\/staging.nbg.eu\/pt-pt\/wp-json\/wp\/v2\/product_cat?post=44529"},{"taxonomy":"product_tag","embeddable":true,"href":"https:\/\/staging.nbg.eu\/pt-pt\/wp-json\/wp\/v2\/product_tag?post=44529"}],"curies":[{"name":"wp","href":"https:\/\/api.w.org\/{rel}","templated":true}]}}