{"id":44506,"date":"2024-08-18T09:39:25","date_gmt":"2024-08-18T09:39:25","guid":{"rendered":"https:\/\/staging.nbg.eu\/product\/corn-cob-media-4kg\/"},"modified":"2024-09-10T08:26:32","modified_gmt":"2024-09-10T08:26:32","slug":"midia-de-sabugo-de-milho-4kg","status":"publish","type":"product","link":"https:\/\/staging.nbg.eu\/pt-pt\/produto\/midia-de-sabugo-de-milho-4kg\/","title":{"rendered":"M\u00eddia de Sabugo de Milho 4Kg"},"content":{"rendered":"<h2>M\u00eddia de Sabugo de Milho 4Kg<\/h2>\n<p>Eleve o n\u00edvel da limpeza de seus estojos de lat\u00e3o com nossa m\u00eddia premium de Sabugo de Milho de 4kg. Esta m\u00eddia de alta qualidade \u00e9 projetada para:<\/p>\n<ul>\n<li>Remover areia, sujeira e res\u00edduos de p\u00f3lvora de seus estojos<\/li>\n<li>Dar um brilho bonito ao seu lat\u00e3o<\/li>\n<li>Limpar at\u00e9 mesmo os menores recessos das bordas dos estojos e bolsos de espoleta<\/li>\n<\/ul>\n<p>Perfeita para uso em tumblers e vibradores pequenos a m\u00e9dios, nossa m\u00eddia de gr\u00e3os pequenos garante uma limpeza completa de seus estojos de lat\u00e3o. A quantidade de 4kg permite m\u00faltiplos usos, oferecendo excelente custo-benef\u00edcio.<\/p>\n<p>Embora essa m\u00eddia possa ser usada repetidamente, recomendamos a substitui\u00e7\u00e3o peri\u00f3dica para manter os melhores resultados de limpeza. Invista em nossa M\u00eddia de Sabugo de Milho hoje e experimente a diferen\u00e7a no seu processo de recarga!<\/p>\n","protected":false},"excerpt":{"rendered":"<p>M\u00eddia de sabugo de milho de 4kg: Limpa e d\u00e1 brilho a estojos de lat\u00e3o, reutiliz\u00e1vel.<\/p>\n","protected":false},"featured_media":28579,"template":"","meta":{"_acf_changed":false},"product_brand":[],"product_cat":[1193,1082],"product_tag":[],"class_list":{"0":"post-44506","1":"product","2":"type-product","3":"status-publish","4":"has-post-thumbnail","6":"product_cat-case-preparation-pt-pt","7":"product_cat-reloading-pt-pt","9":"first","10":"outofstock","11":"taxable","12":"shipping-taxable","13":"purchasable","14":"product-type-simple"},"acf":[],"_links":{"self":[{"href":"https:\/\/staging.nbg.eu\/pt-pt\/wp-json\/wp\/v2\/product\/44506","targetHints":{"allow":["GET"]}}],"collection":[{"href":"https:\/\/staging.nbg.eu\/pt-pt\/wp-json\/wp\/v2\/product"}],"about":[{"href":"https:\/\/staging.nbg.eu\/pt-pt\/wp-json\/wp\/v2\/types\/product"}],"wp:featuredmedia":[{"embeddable":true,"href":"https:\/\/staging.nbg.eu\/pt-pt\/wp-json\/wp\/v2\/media\/28579"}],"wp:attachment":[{"href":"https:\/\/staging.nbg.eu\/pt-pt\/wp-json\/wp\/v2\/media?parent=44506"}],"wp:term":[{"taxonomy":"product_brand","embeddable":true,"href":"https:\/\/staging.nbg.eu\/pt-pt\/wp-json\/wp\/v2\/product_brand?post=44506"},{"taxonomy":"product_cat","embeddable":true,"href":"https:\/\/staging.nbg.eu\/pt-pt\/wp-json\/wp\/v2\/product_cat?post=44506"},{"taxonomy":"product_tag","embeddable":true,"href":"https:\/\/staging.nbg.eu\/pt-pt\/wp-json\/wp\/v2\/product_tag?post=44506"}],"curies":[{"name":"wp","href":"https:\/\/api.w.org\/{rel}","templated":true}]}}