{"id":44105,"date":"2024-03-14T09:38:02","date_gmt":"2024-03-14T09:38:02","guid":{"rendered":"https:\/\/staging.nbg.eu\/product\/produto-5\/"},"modified":"2024-09-13T10:02:12","modified_gmt":"2024-09-13T10:02:12","slug":"hastes-de-algodao-bore-tech-pacote-com-100","status":"publish","type":"product","link":"https:\/\/staging.nbg.eu\/pt-pt\/produto\/hastes-de-algodao-bore-tech-pacote-com-100\/","title":{"rendered":"Hastes de Algod\u00e3o Bore Tech &#8211; PACOTE COM 100"},"content":{"rendered":"<p>Cotonetes Bore Tech: Para limpeza localizada e aplica\u00e7\u00e3o precisa de solvente. Caracter\u00edsticas:<\/p>\n<ul>\n<li>Ponta de algod\u00e3o de baixa libera\u00e7\u00e3o de fiapos<\/li>\n<li>Cabo flex\u00edvel de bambu de 15 cm<\/li>\n<li>Adequado para pe\u00e7as de AR, grupos de gatilho e \u00e1reas de dif\u00edcil acesso<\/li>\n<li>\u00datil para aplicar graxa e limpar pequenos recessos<\/li>\n<\/ul>\n<p>Pacote com 100 unidades para manuten\u00e7\u00e3o de armas de fogo.<\/p>\n","protected":false},"excerpt":{"rendered":"<p>Cotonetes de precis\u00e3o para limpeza de armas de fogo. Cabo de bambu de 15 cm, ponta de baixa libera\u00e7\u00e3o de fibras.<\/p>\n","protected":false},"featured_media":44106,"template":"","meta":{"_acf_changed":false},"product_brand":[11167],"product_cat":[1439,1440],"product_tag":[],"class_list":{"0":"post-44105","1":"product","2":"type-product","3":"status-publish","4":"has-post-thumbnail","6":"product_brand-boretech","7":"product_cat-brushes-pt-pt","8":"product_cat-maintenance-pt-pt","10":"first","11":"instock","12":"taxable","13":"shipping-taxable","14":"purchasable","15":"product-type-simple"},"acf":[],"_links":{"self":[{"href":"https:\/\/staging.nbg.eu\/pt-pt\/wp-json\/wp\/v2\/product\/44105","targetHints":{"allow":["GET"]}}],"collection":[{"href":"https:\/\/staging.nbg.eu\/pt-pt\/wp-json\/wp\/v2\/product"}],"about":[{"href":"https:\/\/staging.nbg.eu\/pt-pt\/wp-json\/wp\/v2\/types\/product"}],"wp:featuredmedia":[{"embeddable":true,"href":"https:\/\/staging.nbg.eu\/pt-pt\/wp-json\/wp\/v2\/media\/44106"}],"wp:attachment":[{"href":"https:\/\/staging.nbg.eu\/pt-pt\/wp-json\/wp\/v2\/media?parent=44105"}],"wp:term":[{"taxonomy":"product_brand","embeddable":true,"href":"https:\/\/staging.nbg.eu\/pt-pt\/wp-json\/wp\/v2\/product_brand?post=44105"},{"taxonomy":"product_cat","embeddable":true,"href":"https:\/\/staging.nbg.eu\/pt-pt\/wp-json\/wp\/v2\/product_cat?post=44105"},{"taxonomy":"product_tag","embeddable":true,"href":"https:\/\/staging.nbg.eu\/pt-pt\/wp-json\/wp\/v2\/product_tag?post=44105"}],"curies":[{"name":"wp","href":"https:\/\/api.w.org\/{rel}","templated":true}]}}