{"id":414883,"date":"2025-07-03T13:21:47","date_gmt":"2025-07-03T10:21:47","guid":{"rendered":"https:\/\/staging.nbg.eu\/product\/grip-kmr-l-dotmatrix-ergo-orange\/"},"modified":"2025-07-03T13:23:34","modified_gmt":"2025-07-03T10:23:34","slug":"punho-kmr-l-dotmatrix-ergo-laranja","status":"publish","type":"product","link":"https:\/\/staging.nbg.eu\/pt-pt\/produto\/punho-kmr-l-dotmatrix-ergo-laranja\/","title":{"rendered":"Punho KMR L DOTMATRIX ERGO LARANJA"},"content":{"rendered":"<div class=\"product-description\">\n<h2>Empunhadura KMR L DOTMATRIX ERGO LARANJA<\/h2>\n<p>A empunhadura KMR Precision Arms DOTMATRIX ERGO possui as seguintes caracter\u00edsticas:<\/p>\n<ul>\n<li>Perfil ergon\u00f4mico para maior conforto<\/li>\n<li>Cor laranja para alta visibilidade<\/li>\n<li>Projetada sem magwell para versatilidade<\/li>\n<li>Engenharia de precis\u00e3o para desempenho<\/li>\n<\/ul>\n<p>Refer\u00eancia: 0611-04001-0105<\/p>\n<\/div>\n","protected":false},"excerpt":{"rendered":"<p>Empunhaduras ergon\u00f4micas de alum\u00ednio com sali\u00eancia para a palma da m\u00e3o para pistolas KMR.<\/p>\n","protected":false},"featured_media":359480,"template":"","meta":{"_acf_changed":false},"product_brand":[11507],"product_cat":[921,3004],"product_tag":[],"class_list":{"0":"post-414883","1":"product","2":"type-product","3":"status-publish","4":"has-post-thumbnail","6":"product_brand-kmr-precision","7":"product_cat-kmr-parts-pt-pt","8":"product_cat-pistol-parts-pt-pt","10":"first","11":"instock","12":"taxable","13":"shipping-taxable","14":"purchasable","15":"product-type-simple"},"acf":[],"_links":{"self":[{"href":"https:\/\/staging.nbg.eu\/pt-pt\/wp-json\/wp\/v2\/product\/414883","targetHints":{"allow":["GET"]}}],"collection":[{"href":"https:\/\/staging.nbg.eu\/pt-pt\/wp-json\/wp\/v2\/product"}],"about":[{"href":"https:\/\/staging.nbg.eu\/pt-pt\/wp-json\/wp\/v2\/types\/product"}],"wp:featuredmedia":[{"embeddable":true,"href":"https:\/\/staging.nbg.eu\/pt-pt\/wp-json\/wp\/v2\/media\/359480"}],"wp:attachment":[{"href":"https:\/\/staging.nbg.eu\/pt-pt\/wp-json\/wp\/v2\/media?parent=414883"}],"wp:term":[{"taxonomy":"product_brand","embeddable":true,"href":"https:\/\/staging.nbg.eu\/pt-pt\/wp-json\/wp\/v2\/product_brand?post=414883"},{"taxonomy":"product_cat","embeddable":true,"href":"https:\/\/staging.nbg.eu\/pt-pt\/wp-json\/wp\/v2\/product_cat?post=414883"},{"taxonomy":"product_tag","embeddable":true,"href":"https:\/\/staging.nbg.eu\/pt-pt\/wp-json\/wp\/v2\/product_tag?post=414883"}],"curies":[{"name":"wp","href":"https:\/\/api.w.org\/{rel}","templated":true}]}}