{"id":414776,"date":"2025-05-14T22:52:38","date_gmt":"2025-05-14T19:52:38","guid":{"rendered":"https:\/\/staging.nbg.eu\/product\/grip-kmr-s-dotmatrix-ergo-black\/"},"modified":"2025-07-03T13:18:38","modified_gmt":"2025-07-03T10:18:38","slug":"punho-kmr-s-dotmatrix-ergo-preto","status":"publish","type":"product","link":"https:\/\/staging.nbg.eu\/pt-pt\/produto\/punho-kmr-s-dotmatrix-ergo-preto\/","title":{"rendered":"Punho KMR S DOTMATRIX ERGO PRETO"},"content":{"rendered":"<div class=\"product-description\">\n<h2>Empunhadura KMR S DOTMATRIX ERGO PRETA<\/h2>\n<p>Empunhaduras de duralum\u00ednio com padr\u00e3o de bola de golfe para melhor ader\u00eancia. Compat\u00edvel com KMR S-01 LANCE (OR), KMR S-02 (at\u00e9 2023), e modelos CZ selecionados, incluindo Shadow 1, Shadow 2 e SP-01.<\/p>\n<p>Refer\u00eancia: 0611-03001-0101<\/p>\n<p>Marca: KMR Precision Arms<\/p>\n<\/div>\n","protected":false},"excerpt":{"rendered":"<p>Empunhaduras ergon\u00f4micas de duralum\u00ednio com padr\u00e3o de bola de golfe para uma pegada segura. Compat\u00edvel com pistolas KMR e CZ.<\/p>\n","protected":false},"featured_media":359503,"template":"","meta":{"_acf_changed":false},"product_brand":[11507],"product_cat":[921,3004],"product_tag":[],"class_list":{"0":"post-414776","1":"product","2":"type-product","3":"status-publish","4":"has-post-thumbnail","6":"product_brand-kmr-precision","7":"product_cat-kmr-parts-pt-pt","8":"product_cat-pistol-parts-pt-pt","10":"first","11":"instock","12":"taxable","13":"shipping-taxable","14":"purchasable","15":"product-type-simple"},"acf":[],"_links":{"self":[{"href":"https:\/\/staging.nbg.eu\/pt-pt\/wp-json\/wp\/v2\/product\/414776","targetHints":{"allow":["GET"]}}],"collection":[{"href":"https:\/\/staging.nbg.eu\/pt-pt\/wp-json\/wp\/v2\/product"}],"about":[{"href":"https:\/\/staging.nbg.eu\/pt-pt\/wp-json\/wp\/v2\/types\/product"}],"wp:featuredmedia":[{"embeddable":true,"href":"https:\/\/staging.nbg.eu\/pt-pt\/wp-json\/wp\/v2\/media\/359503"}],"wp:attachment":[{"href":"https:\/\/staging.nbg.eu\/pt-pt\/wp-json\/wp\/v2\/media?parent=414776"}],"wp:term":[{"taxonomy":"product_brand","embeddable":true,"href":"https:\/\/staging.nbg.eu\/pt-pt\/wp-json\/wp\/v2\/product_brand?post=414776"},{"taxonomy":"product_cat","embeddable":true,"href":"https:\/\/staging.nbg.eu\/pt-pt\/wp-json\/wp\/v2\/product_cat?post=414776"},{"taxonomy":"product_tag","embeddable":true,"href":"https:\/\/staging.nbg.eu\/pt-pt\/wp-json\/wp\/v2\/product_tag?post=414776"}],"curies":[{"name":"wp","href":"https:\/\/api.w.org\/{rel}","templated":true}]}}