{"id":414637,"date":"2025-07-03T12:34:26","date_gmt":"2025-07-03T09:34:26","guid":{"rendered":"https:\/\/staging.nbg.eu\/product\/grips-kmr-w-dotmatrix-black\/"},"modified":"2025-07-03T12:36:30","modified_gmt":"2025-07-03T09:36:30","slug":"punhos-kmr-w-dotmatrix-preto","status":"publish","type":"product","link":"https:\/\/staging.nbg.eu\/pt-pt\/produto\/punhos-kmr-w-dotmatrix-preto\/","title":{"rendered":"PUNHOS KMR W DOTMATRIX PRETO"},"content":{"rendered":"<div class=\"product-description\">\n<h2>EMPUNHADURA KMR W DOTMATRIX PRETA<\/h2>\n<p>Empunhadura de duralum\u00ednio para pistola KMR. Padr\u00e3o de textura para ader\u00eancia. Para atualiza\u00e7\u00e3o de pistolas existentes ou montagem de armas de competi\u00e7\u00e3o. Caracter\u00edsticas:<\/p>\n<ul>\n<li>Tamanho longo<\/li>\n<li>Duralum\u00ednio anodizado<\/li>\n<li>Sem guia de carregador<\/li>\n<li>Inclui parafusos torx<\/li>\n<li>Logo KMR<\/li>\n<\/ul>\n<p>Compat\u00edvel com modelos KMR W-02 CUDA (at\u00e9 2023), UMBRA e UMBRA (OR).<\/p>\n<\/div>\n","protected":false},"excerpt":{"rendered":"<p>Empunhaduras dur\u00e1veis de duralum\u00ednio com textura de bola de golfe para pistolas KMR.<\/p>\n","protected":false},"featured_media":359342,"template":"","meta":{"_acf_changed":false},"product_brand":[11507],"product_cat":[921,3004],"product_tag":[],"class_list":{"0":"post-414637","1":"product","2":"type-product","3":"status-publish","4":"has-post-thumbnail","6":"product_brand-kmr-precision","7":"product_cat-kmr-parts-pt-pt","8":"product_cat-pistol-parts-pt-pt","10":"first","11":"instock","12":"taxable","13":"shipping-taxable","14":"purchasable","15":"product-type-simple"},"acf":[],"_links":{"self":[{"href":"https:\/\/staging.nbg.eu\/pt-pt\/wp-json\/wp\/v2\/product\/414637","targetHints":{"allow":["GET"]}}],"collection":[{"href":"https:\/\/staging.nbg.eu\/pt-pt\/wp-json\/wp\/v2\/product"}],"about":[{"href":"https:\/\/staging.nbg.eu\/pt-pt\/wp-json\/wp\/v2\/types\/product"}],"wp:featuredmedia":[{"embeddable":true,"href":"https:\/\/staging.nbg.eu\/pt-pt\/wp-json\/wp\/v2\/media\/359342"}],"wp:attachment":[{"href":"https:\/\/staging.nbg.eu\/pt-pt\/wp-json\/wp\/v2\/media?parent=414637"}],"wp:term":[{"taxonomy":"product_brand","embeddable":true,"href":"https:\/\/staging.nbg.eu\/pt-pt\/wp-json\/wp\/v2\/product_brand?post=414637"},{"taxonomy":"product_cat","embeddable":true,"href":"https:\/\/staging.nbg.eu\/pt-pt\/wp-json\/wp\/v2\/product_cat?post=414637"},{"taxonomy":"product_tag","embeddable":true,"href":"https:\/\/staging.nbg.eu\/pt-pt\/wp-json\/wp\/v2\/product_tag?post=414637"}],"curies":[{"name":"wp","href":"https:\/\/api.w.org\/{rel}","templated":true}]}}