{"id":41337,"date":"2024-08-26T13:29:45","date_gmt":"2024-09-09T14:57:43","guid":{"rendered":"https:\/\/staging.nbg.eu\/product\/vanward-hunter-pro\/"},"modified":"2024-09-09T14:59:29","modified_gmt":"2024-09-09T14:59:29","slug":"vanward-hunter-pro","status":"publish","type":"product","link":"https:\/\/staging.nbg.eu\/pt-pt\/produto\/vanward-hunter-pro\/","title":{"rendered":"Vanward Hunter PRO"},"content":{"rendered":"<div class=\"product-description\">\n<h2>Vanward Hunter PRO<\/h2>\n<p>Experimente um desempenho superior com menos de 300 gramas com o supressor Vanward Hunter PRO. Com espa\u00e7amento otimizado dos defletores para melhor equaliza\u00e7\u00e3o da press\u00e3o e um design exterior hexagonal robusto, este supressor oferece maior seguran\u00e7a, resist\u00eancia e efici\u00eancia de resfriamento.<\/p>\n<h2>Caracter\u00edsticas Principais:<\/h2>\n<ul>\n<li>Impresso em 3D em uma \u00fanica pe\u00e7a de Tit\u00e2nio grau 5 para m\u00e1xima seguran\u00e7a e desempenho<\/li>\n<li>Extremamente dur\u00e1vel e resistente \u00e0 corros\u00e3o<\/li>\n<li>Inser\u00e7\u00f5es de rosca em a\u00e7o inoxid\u00e1vel intercambi\u00e1veis<\/li>\n<li>Anel POM para folga ideal do cano<\/li>\n<li>Dispon\u00edvel em v\u00e1rios tipos de rosca: 1\/2*28&#8243;, 5\/8&#215;24&#8243; M14x1, M14x1.5, M15x1, M16x1, M18x1<\/li>\n<\/ul>\n<h2>Especifica\u00e7\u00f5es:<\/h2>\n<ul>\n<li>Di\u00e2metro: 48mm<\/li>\n<li>Comprimento: 220mm<\/li>\n<li>Peso: 295 gramas*<\/li>\n<\/ul>\n<p>O design inovador e os materiais superiores do Vanward Hunter PRO o tornam a escolha perfeita para ca\u00e7adores exigentes e entusiastas de tiro que exigem o melhor em tecnologia de supressores.<\/p>\n<\/div>\n","protected":false},"excerpt":{"rendered":"<p>Supressor de tit\u00e2nio ultraleve com desempenho otimizado.<\/p>\n","protected":false},"featured_media":102162,"template":"","meta":{"_acf_changed":false},"product_brand":[11949],"product_cat":[654,884,885],"product_tag":[],"class_list":{"0":"post-41337","1":"product","2":"type-product","3":"status-publish","4":"has-post-thumbnail","6":"product_brand-vanward","7":"product_cat-rifle-pt-pt","8":"product_cat-rifle-suppressors-pt-pt","9":"product_cat-suppressors-pt-pt","11":"first","12":"instock","13":"taxable","14":"shipping-taxable","15":"purchasable","16":"product-type-variable","17":"wvs-archive-product-wrapper"},"acf":[],"_links":{"self":[{"href":"https:\/\/staging.nbg.eu\/pt-pt\/wp-json\/wp\/v2\/product\/41337","targetHints":{"allow":["GET"]}}],"collection":[{"href":"https:\/\/staging.nbg.eu\/pt-pt\/wp-json\/wp\/v2\/product"}],"about":[{"href":"https:\/\/staging.nbg.eu\/pt-pt\/wp-json\/wp\/v2\/types\/product"}],"wp:featuredmedia":[{"embeddable":true,"href":"https:\/\/staging.nbg.eu\/pt-pt\/wp-json\/wp\/v2\/media\/102162"}],"wp:attachment":[{"href":"https:\/\/staging.nbg.eu\/pt-pt\/wp-json\/wp\/v2\/media?parent=41337"}],"wp:term":[{"taxonomy":"product_brand","embeddable":true,"href":"https:\/\/staging.nbg.eu\/pt-pt\/wp-json\/wp\/v2\/product_brand?post=41337"},{"taxonomy":"product_cat","embeddable":true,"href":"https:\/\/staging.nbg.eu\/pt-pt\/wp-json\/wp\/v2\/product_cat?post=41337"},{"taxonomy":"product_tag","embeddable":true,"href":"https:\/\/staging.nbg.eu\/pt-pt\/wp-json\/wp\/v2\/product_tag?post=41337"}],"curies":[{"name":"wp","href":"https:\/\/api.w.org\/{rel}","templated":true}]}}