{"id":411670,"date":"2025-07-01T17:25:37","date_gmt":"2025-07-01T14:25:37","guid":{"rendered":"https:\/\/staging.nbg.eu\/product\/grips-kmr-w-dotmatrix-ergo-silver\/"},"modified":"2025-07-01T17:27:40","modified_gmt":"2025-07-01T14:27:40","slug":"punhos-kmr-w-dotmatrix-ergo-prata","status":"publish","type":"product","link":"https:\/\/staging.nbg.eu\/pt-pt\/produto\/punhos-kmr-w-dotmatrix-ergo-prata\/","title":{"rendered":"PUNHOS KMR W DOTMATRIX ERGO PRATA"},"content":{"rendered":"<div class=\"product-description\">\n<h2>EMPUNHADURA KMR W DOTMATRIX ERGO PRATA<\/h2>\n<p>Empunhaduras de duralum\u00ednio para pistola KMR. O padr\u00e3o texturizado proporciona ader\u00eancia. Adequadas para atualiza\u00e7\u00f5es ou montagens de competi\u00e7\u00e3o, estas empunhaduras oferecem firmeza ao atirador.<\/p>\n<ul>\n<li>Refer\u00eancia: 0611-03305-0101<\/li>\n<li>Marca: KMR Precision Arms<\/li>\n<li>Compat\u00edvel com: modelos KMR W-02 CUDA, UMBRA e UMBRA (OR)<\/li>\n<\/ul>\n<\/div>\n","protected":false},"excerpt":{"rendered":"<p>Empunhaduras ergon\u00f4micas de duralum\u00ednio com padr\u00e3o de bola de golfe para pistolas KMR. Segura\u00e7\u00e3o firme em qualquer situa\u00e7\u00e3o.<\/p>\n","protected":false},"featured_media":359434,"template":"","meta":{"_acf_changed":false},"product_brand":[11507],"product_cat":[921,3004],"product_tag":[],"class_list":{"0":"post-411670","1":"product","2":"type-product","3":"status-publish","4":"has-post-thumbnail","6":"product_brand-kmr-precision","7":"product_cat-kmr-parts-pt-pt","8":"product_cat-pistol-parts-pt-pt","10":"first","11":"instock","12":"taxable","13":"shipping-taxable","14":"purchasable","15":"product-type-simple"},"acf":[],"_links":{"self":[{"href":"https:\/\/staging.nbg.eu\/pt-pt\/wp-json\/wp\/v2\/product\/411670","targetHints":{"allow":["GET"]}}],"collection":[{"href":"https:\/\/staging.nbg.eu\/pt-pt\/wp-json\/wp\/v2\/product"}],"about":[{"href":"https:\/\/staging.nbg.eu\/pt-pt\/wp-json\/wp\/v2\/types\/product"}],"wp:featuredmedia":[{"embeddable":true,"href":"https:\/\/staging.nbg.eu\/pt-pt\/wp-json\/wp\/v2\/media\/359434"}],"wp:attachment":[{"href":"https:\/\/staging.nbg.eu\/pt-pt\/wp-json\/wp\/v2\/media?parent=411670"}],"wp:term":[{"taxonomy":"product_brand","embeddable":true,"href":"https:\/\/staging.nbg.eu\/pt-pt\/wp-json\/wp\/v2\/product_brand?post=411670"},{"taxonomy":"product_cat","embeddable":true,"href":"https:\/\/staging.nbg.eu\/pt-pt\/wp-json\/wp\/v2\/product_cat?post=411670"},{"taxonomy":"product_tag","embeddable":true,"href":"https:\/\/staging.nbg.eu\/pt-pt\/wp-json\/wp\/v2\/product_tag?post=411670"}],"curies":[{"name":"wp","href":"https:\/\/api.w.org\/{rel}","templated":true}]}}