{"id":411560,"date":"2025-07-01T17:18:25","date_gmt":"2025-07-01T14:18:25","guid":{"rendered":"https:\/\/staging.nbg.eu\/product\/grips-kmr-w-dotmatrix-silver\/"},"modified":"2025-07-01T17:20:26","modified_gmt":"2025-07-01T14:20:26","slug":"empunhaduras-kmr-w-dotmatrix-prata","status":"publish","type":"product","link":"https:\/\/staging.nbg.eu\/pt-pt\/produto\/empunhaduras-kmr-w-dotmatrix-prata\/","title":{"rendered":"EMPUNHADURAS KMR W DOTMATRIX PRATA"},"content":{"rendered":"<div class=\"product-description\">\n<h2>EMPUNHADURAS KMR W DOTMATRIX PRATA<\/h2>\n<p>Empunhaduras de duralum\u00ednio para pistola KMR. Textura com padr\u00e3o de bola de golfe. Para atualiza\u00e7\u00e3o de arma existente ou montagem de pistola. Compat\u00edvel com modelos KMR W-02 CUDA (at\u00e9 2023), UMBRA e UMBRA (OR).<\/p>\n<ul>\n<li>Refer\u00eancia: 0611-03301-0102<\/li>\n<li>Marca: KMR Precision Arms<\/li>\n<li>Material: Duralum\u00ednio<\/li>\n<\/ul>\n<\/div>\n","protected":false},"excerpt":{"rendered":"<p>Empunhaduras de duralum\u00ednio texturizado para pistolas KMR. O padr\u00e3o de bola de golfe garante uma ader\u00eancia segura em qualquer situa\u00e7\u00e3o.<\/p>\n","protected":false},"featured_media":359457,"template":"","meta":{"_acf_changed":false},"product_brand":[11507],"product_cat":[921,3004],"product_tag":[],"class_list":{"0":"post-411560","1":"product","2":"type-product","3":"status-publish","4":"has-post-thumbnail","6":"product_brand-kmr-precision","7":"product_cat-kmr-parts-pt-pt","8":"product_cat-pistol-parts-pt-pt","10":"first","11":"instock","12":"taxable","13":"shipping-taxable","14":"purchasable","15":"product-type-simple"},"acf":[],"_links":{"self":[{"href":"https:\/\/staging.nbg.eu\/pt-pt\/wp-json\/wp\/v2\/product\/411560","targetHints":{"allow":["GET"]}}],"collection":[{"href":"https:\/\/staging.nbg.eu\/pt-pt\/wp-json\/wp\/v2\/product"}],"about":[{"href":"https:\/\/staging.nbg.eu\/pt-pt\/wp-json\/wp\/v2\/types\/product"}],"wp:featuredmedia":[{"embeddable":true,"href":"https:\/\/staging.nbg.eu\/pt-pt\/wp-json\/wp\/v2\/media\/359457"}],"wp:attachment":[{"href":"https:\/\/staging.nbg.eu\/pt-pt\/wp-json\/wp\/v2\/media?parent=411560"}],"wp:term":[{"taxonomy":"product_brand","embeddable":true,"href":"https:\/\/staging.nbg.eu\/pt-pt\/wp-json\/wp\/v2\/product_brand?post=411560"},{"taxonomy":"product_cat","embeddable":true,"href":"https:\/\/staging.nbg.eu\/pt-pt\/wp-json\/wp\/v2\/product_cat?post=411560"},{"taxonomy":"product_tag","embeddable":true,"href":"https:\/\/staging.nbg.eu\/pt-pt\/wp-json\/wp\/v2\/product_tag?post=411560"}],"curies":[{"name":"wp","href":"https:\/\/api.w.org\/{rel}","templated":true}]}}