{"id":411452,"date":"2025-07-01T17:10:36","date_gmt":"2025-07-01T14:10:36","guid":{"rendered":"https:\/\/staging.nbg.eu\/product\/grips-kmr-w-modular-sandpaper-black\/"},"modified":"2025-07-01T17:12:38","modified_gmt":"2025-07-01T14:12:38","slug":"empunhaduras-kmr-w-modular-sandpaper-preto","status":"publish","type":"product","link":"https:\/\/staging.nbg.eu\/pt-pt\/produto\/empunhaduras-kmr-w-modular-sandpaper-preto\/","title":{"rendered":"EMPUNHADURAS KMR W MODULAR SANDPAPER PRETO"},"content":{"rendered":"<h2>EMPUNHADURA KMR W MODULAR LIXA PRETA<\/h2>\n<p>Empunhadura KMR W Modular Lixa Preta para armas de fogo. Esta empunhadura longa de duralum\u00ednio anodizado oferece controle e conforto sem guia de carregador. Apresenta o logotipo KMR e design modular para personaliza\u00e7\u00e3o. A instala\u00e7\u00e3o \u00e9 feita com parafusos torx inclu\u00eddos.<\/p>\n<ul>\n<li>Tamanho: Longo<\/li>\n<li>Material: Duralum\u00ednio anodizado<\/li>\n<li>Uso: Sem guia de carregador<\/li>\n<li>Inclui: Parafusos torx<\/li>\n<li>Logotipo: KMR<\/li>\n<\/ul>\n<p><strong>Refer\u00eancia:<\/strong> 0611-03304-0101<\/p>\n","protected":false},"excerpt":{"rendered":"<p>Punho longo e dur\u00e1vel de duralum\u00ednio anodizado.<\/p>\n","protected":false},"featured_media":359278,"template":"","meta":{"_acf_changed":false},"product_brand":[11507],"product_cat":[921,3004],"product_tag":[],"class_list":{"0":"post-411452","1":"product","2":"type-product","3":"status-publish","4":"has-post-thumbnail","6":"product_brand-kmr-precision","7":"product_cat-kmr-parts-pt-pt","8":"product_cat-pistol-parts-pt-pt","10":"first","11":"instock","12":"taxable","13":"shipping-taxable","14":"purchasable","15":"product-type-simple"},"acf":[],"_links":{"self":[{"href":"https:\/\/staging.nbg.eu\/pt-pt\/wp-json\/wp\/v2\/product\/411452","targetHints":{"allow":["GET"]}}],"collection":[{"href":"https:\/\/staging.nbg.eu\/pt-pt\/wp-json\/wp\/v2\/product"}],"about":[{"href":"https:\/\/staging.nbg.eu\/pt-pt\/wp-json\/wp\/v2\/types\/product"}],"wp:featuredmedia":[{"embeddable":true,"href":"https:\/\/staging.nbg.eu\/pt-pt\/wp-json\/wp\/v2\/media\/359278"}],"wp:attachment":[{"href":"https:\/\/staging.nbg.eu\/pt-pt\/wp-json\/wp\/v2\/media?parent=411452"}],"wp:term":[{"taxonomy":"product_brand","embeddable":true,"href":"https:\/\/staging.nbg.eu\/pt-pt\/wp-json\/wp\/v2\/product_brand?post=411452"},{"taxonomy":"product_cat","embeddable":true,"href":"https:\/\/staging.nbg.eu\/pt-pt\/wp-json\/wp\/v2\/product_cat?post=411452"},{"taxonomy":"product_tag","embeddable":true,"href":"https:\/\/staging.nbg.eu\/pt-pt\/wp-json\/wp\/v2\/product_tag?post=411452"}],"curies":[{"name":"wp","href":"https:\/\/api.w.org\/{rel}","templated":true}]}}