{"id":411343,"date":"2025-07-01T17:01:28","date_gmt":"2025-07-01T14:01:28","guid":{"rendered":"https:\/\/staging.nbg.eu\/product\/grips-kmr-w-modular-sandpaper-titan\/"},"modified":"2025-07-01T17:03:31","modified_gmt":"2025-07-01T14:03:31","slug":"empunhaduras-kmr-w-modular-sandpaper-titan","status":"publish","type":"product","link":"https:\/\/staging.nbg.eu\/pt-pt\/produto\/empunhaduras-kmr-w-modular-sandpaper-titan\/","title":{"rendered":"EMPUNHADURAS KMR W MODULAR SANDPAPER TITAN"},"content":{"rendered":"<h2>EMPUNHADURA KMR W MODULAR SANDPAPER TITAN<\/h2>\n<p>Melhore a empunhadura da sua arma de fogo com a EMPUNHADURA KMR W MODULAR SANDPAPER TITAN. Esta empunhadura longa \u00e9 feita de duralum\u00ednio anodizado para maior resist\u00eancia e durabilidade. Projetada para uso sem guia de carregador, oferece uma pegada personaliz\u00e1vel para melhor controle e precis\u00e3o. A embalagem inclui parafusos torx para f\u00e1cil instala\u00e7\u00e3o. Apresenta o logotipo KMR.<\/p>\n<p><strong>Refer\u00eancia:<\/strong> 0611-03304-0101<\/p>\n","protected":false},"excerpt":{"rendered":"<p>Punho KMR longo e dur\u00e1vel. Duralum\u00ednio anodizado.<\/p>\n","protected":false},"featured_media":359302,"template":"","meta":{"_acf_changed":false},"product_brand":[11507],"product_cat":[921,3004],"product_tag":[],"class_list":{"0":"post-411343","1":"product","2":"type-product","3":"status-publish","4":"has-post-thumbnail","6":"product_brand-kmr-precision","7":"product_cat-kmr-parts-pt-pt","8":"product_cat-pistol-parts-pt-pt","10":"first","11":"instock","12":"taxable","13":"shipping-taxable","14":"purchasable","15":"product-type-simple"},"acf":[],"_links":{"self":[{"href":"https:\/\/staging.nbg.eu\/pt-pt\/wp-json\/wp\/v2\/product\/411343","targetHints":{"allow":["GET"]}}],"collection":[{"href":"https:\/\/staging.nbg.eu\/pt-pt\/wp-json\/wp\/v2\/product"}],"about":[{"href":"https:\/\/staging.nbg.eu\/pt-pt\/wp-json\/wp\/v2\/types\/product"}],"wp:featuredmedia":[{"embeddable":true,"href":"https:\/\/staging.nbg.eu\/pt-pt\/wp-json\/wp\/v2\/media\/359302"}],"wp:attachment":[{"href":"https:\/\/staging.nbg.eu\/pt-pt\/wp-json\/wp\/v2\/media?parent=411343"}],"wp:term":[{"taxonomy":"product_brand","embeddable":true,"href":"https:\/\/staging.nbg.eu\/pt-pt\/wp-json\/wp\/v2\/product_brand?post=411343"},{"taxonomy":"product_cat","embeddable":true,"href":"https:\/\/staging.nbg.eu\/pt-pt\/wp-json\/wp\/v2\/product_cat?post=411343"},{"taxonomy":"product_tag","embeddable":true,"href":"https:\/\/staging.nbg.eu\/pt-pt\/wp-json\/wp\/v2\/product_tag?post=411343"}],"curies":[{"name":"wp","href":"https:\/\/api.w.org\/{rel}","templated":true}]}}