{"id":409685,"date":"2025-07-01T13:41:18","date_gmt":"2025-07-01T10:41:18","guid":{"rendered":"https:\/\/staging.nbg.eu\/product\/surefire-m340v-tn-pro-scout-light-pro\/"},"modified":"2025-07-01T13:43:28","modified_gmt":"2025-07-01T10:43:28","slug":"surefire-m340v-tn-pro-scout-light-pro","status":"publish","type":"product","link":"https:\/\/staging.nbg.eu\/pt-pt\/produto\/surefire-m340v-tn-pro-scout-light-pro\/","title":{"rendered":"Surefire M340V-TN-PRO Scout Light Pro"},"content":{"rendered":"<h2>Surefire M340V-TN-PRO Scout Light Pro<\/h2>\n<h2>Ilumina\u00e7\u00e3o Noturna<\/h2>\n<p>O Mini Infrared Scout Light\u00ae Pro \u00e9 uma lanterna de arma de 3 volts, projetada para uso em diversas condi\u00e7\u00f5es de ilumina\u00e7\u00e3o. Esta ferramenta de ilumina\u00e7\u00e3o oferece:<\/p>\n<ul>\n<li>250 l\u00famens de luz branca<\/li>\n<li>100 mW de ilumina\u00e7\u00e3o infravermelha invis\u00edvel para dispositivos de vis\u00e3o noturna<\/li>\n<li>Sem necessidade de filtros IR ou l\u00e2mpadas sobressalentes<\/li>\n<li>Novo suporte de baixo perfil (LPM) da SureFire para versatilidade<\/li>\n<li>Altern\u00e2ncia f\u00e1cil entre modos de luz branca, desativado e infravermelho<\/li>\n<li>Lente TIR para um feixe concentrado adequado para aplica\u00e7\u00f5es de curto a m\u00e9dio alcance<\/li>\n<\/ul>\n<h3>Constru\u00e7\u00e3o Resistente<\/h3>\n<p>Constru\u00eddo para suportar condi\u00e7\u00f5es rigorosas, o M340V-TN-PRO possui:<\/p>\n<ul>\n<li>Corpo em alum\u00ednio aeroespacial de alta resist\u00eancia<\/li>\n<li>Anodiza\u00e7\u00e3o dura de especifica\u00e7\u00e3o militar para durabilidade e resist\u00eancia \u00e0 corros\u00e3o<\/li>\n<li>LEDs IR e brancos altamente resistentes<\/li>\n<li>Classifica\u00e7\u00e3o de resist\u00eancia \u00e0 \u00e1gua IPX7<\/li>\n<\/ul>\n<h3>Especifica\u00e7\u00f5es Principais<\/h3>\n<ul>\n<li>Sa\u00edda: 250 l\u00famens (branco) \/ 100 mW (IR)<\/li>\n<li>Tempo de funcionamento: 1,5 horas (branco) \/ 6,0 horas (IR)<\/li>\n<li>Intensidade m\u00e1xima do feixe: 9.300 candelas<\/li>\n<li>Dist\u00e2ncia do feixe: 190 metros<\/li>\n<li>Comprimento: 4,1 polegadas (10,4 cm)<\/li>\n<li>Peso: 3,4 oz (96,4 g) com bateria<\/li>\n<li>Alimenta\u00e7\u00e3o: Uma bateria de l\u00edtio 123A (inclu\u00edda)<\/li>\n<\/ul>\n<p>O Surefire M340V-TN-PRO Scout Light Pro oferece versatilidade e desempenho para situa\u00e7\u00f5es t\u00e1ticas com pouca luz.<\/p>\n","protected":false},"excerpt":{"rendered":"<p>Luz t\u00e1tica vers\u00e1til com 250 l\u00famens branco\/100mW IV, design robusto, montada em trilho.<\/p>\n","protected":false},"featured_media":400324,"template":"","meta":{"_acf_changed":false},"product_brand":[11871],"product_cat":[1565,2201],"product_tag":[],"class_list":{"0":"post-409685","1":"product","2":"type-product","3":"status-publish","4":"has-post-thumbnail","6":"product_brand-surefire","7":"product_cat-lights-pt-pt","8":"product_cat-rifle-lights-pt-pt","10":"first","11":"instock","12":"taxable","13":"shipping-taxable","14":"purchasable","15":"product-type-simple"},"acf":[],"_links":{"self":[{"href":"https:\/\/staging.nbg.eu\/pt-pt\/wp-json\/wp\/v2\/product\/409685","targetHints":{"allow":["GET"]}}],"collection":[{"href":"https:\/\/staging.nbg.eu\/pt-pt\/wp-json\/wp\/v2\/product"}],"about":[{"href":"https:\/\/staging.nbg.eu\/pt-pt\/wp-json\/wp\/v2\/types\/product"}],"wp:featuredmedia":[{"embeddable":true,"href":"https:\/\/staging.nbg.eu\/pt-pt\/wp-json\/wp\/v2\/media\/400324"}],"wp:attachment":[{"href":"https:\/\/staging.nbg.eu\/pt-pt\/wp-json\/wp\/v2\/media?parent=409685"}],"wp:term":[{"taxonomy":"product_brand","embeddable":true,"href":"https:\/\/staging.nbg.eu\/pt-pt\/wp-json\/wp\/v2\/product_brand?post=409685"},{"taxonomy":"product_cat","embeddable":true,"href":"https:\/\/staging.nbg.eu\/pt-pt\/wp-json\/wp\/v2\/product_cat?post=409685"},{"taxonomy":"product_tag","embeddable":true,"href":"https:\/\/staging.nbg.eu\/pt-pt\/wp-json\/wp\/v2\/product_tag?post=409685"}],"curies":[{"name":"wp","href":"https:\/\/api.w.org\/{rel}","templated":true}]}}