{"id":405872,"date":"2025-06-30T21:20:12","date_gmt":"2025-06-30T18:20:12","guid":{"rendered":"https:\/\/staging.nbg.eu\/product\/surefire-scout-infrared-light-m640v-pro-tan\/"},"modified":"2025-06-30T21:21:43","modified_gmt":"2025-06-30T18:21:43","slug":"surefire-luz-infravermelha-scout-m640v-pro-tan","status":"publish","type":"product","link":"https:\/\/staging.nbg.eu\/pt-pt\/produto\/surefire-luz-infravermelha-scout-m640v-pro-tan\/","title":{"rendered":"SureFire Luz Infravermelha Scout &#8211; M640V PRO &#8211; Tan"},"content":{"rendered":"<h2>Luz Infravermelha Scout SureFire &#8211; M640V PRO &#8211; Tan<\/h2>\n<p>A luz infravermelha M640V PRO Scout oferece as seguintes caracter\u00edsticas:<\/p>\n<ul>\n<li>350 l\u00famens de luz branca e 120 mW de sa\u00edda IR<\/li>\n<li>Novo suporte de baixo perfil para posicionamento em trilhos MIL-STD-1913 ou M-LOK<\/li>\n<li>Lente TIR para feixe de longo alcance com luz ambiente<\/li>\n<li>Altern\u00e2ncia entre modos branco e IR<\/li>\n<li>Constru\u00e7\u00e3o em alum\u00ednio aeroespacial com acabamento anodizado<\/li>\n<li>Resist\u00eancia \u00e0 \u00e1gua IPX7<\/li>\n<li>Interruptor de bot\u00e3o na tampa traseira<\/li>\n<\/ul>\n<p>Com 2,5 horas de autonomia em alta pot\u00eancia e dist\u00e2ncia do feixe de 214 metros, o M640V PRO \u00e9 adequado para opera\u00e7\u00f5es de m\u00e9dio a longo alcance.<\/p>\n","protected":false},"excerpt":{"rendered":"<p>Lanterna vers\u00e1til para arma com luz infravermelha\/branca, 350 l\u00famens e sa\u00edda de 120 mW IR.<\/p>\n","protected":false},"featured_media":353028,"template":"","meta":{"_acf_changed":false},"product_brand":[11871],"product_cat":[1647,1565,2201],"product_tag":[],"class_list":{"0":"post-405872","1":"product","2":"type-product","3":"status-publish","4":"has-post-thumbnail","6":"product_brand-surefire","7":"product_cat-edc-lights-pt-pt","8":"product_cat-lights-pt-pt","9":"product_cat-rifle-lights-pt-pt","11":"first","12":"instock","13":"taxable","14":"shipping-taxable","15":"purchasable","16":"product-type-simple"},"acf":[],"_links":{"self":[{"href":"https:\/\/staging.nbg.eu\/pt-pt\/wp-json\/wp\/v2\/product\/405872","targetHints":{"allow":["GET"]}}],"collection":[{"href":"https:\/\/staging.nbg.eu\/pt-pt\/wp-json\/wp\/v2\/product"}],"about":[{"href":"https:\/\/staging.nbg.eu\/pt-pt\/wp-json\/wp\/v2\/types\/product"}],"wp:featuredmedia":[{"embeddable":true,"href":"https:\/\/staging.nbg.eu\/pt-pt\/wp-json\/wp\/v2\/media\/353028"}],"wp:attachment":[{"href":"https:\/\/staging.nbg.eu\/pt-pt\/wp-json\/wp\/v2\/media?parent=405872"}],"wp:term":[{"taxonomy":"product_brand","embeddable":true,"href":"https:\/\/staging.nbg.eu\/pt-pt\/wp-json\/wp\/v2\/product_brand?post=405872"},{"taxonomy":"product_cat","embeddable":true,"href":"https:\/\/staging.nbg.eu\/pt-pt\/wp-json\/wp\/v2\/product_cat?post=405872"},{"taxonomy":"product_tag","embeddable":true,"href":"https:\/\/staging.nbg.eu\/pt-pt\/wp-json\/wp\/v2\/product_tag?post=405872"}],"curies":[{"name":"wp","href":"https:\/\/api.w.org\/{rel}","templated":true}]}}