{"id":405605,"date":"2025-05-05T23:43:01","date_gmt":"2025-05-05T20:43:01","guid":{"rendered":"https:\/\/staging.nbg.eu\/product\/surefire-plr-c-edc-flashlight-stiletto-pro-ii\/"},"modified":"2025-06-30T20:03:59","modified_gmt":"2025-06-30T17:03:59","slug":"surefire-plr-c-lanterna-edc-stiletto-pro-ii","status":"publish","type":"product","link":"https:\/\/staging.nbg.eu\/pt-pt\/produto\/surefire-plr-c-lanterna-edc-stiletto-pro-ii\/","title":{"rendered":"Surefire PLR-C Lanterna EDC &#8211; Stiletto Pro II"},"content":{"rendered":"<h2>Lanterna EDC Surefire PLR-C &#8211; Stiletto Pro II<\/h2>\n<p>A Stiletto Pro II \u00e9 uma lanterna para uso di\u00e1rio. Combina um perfil fino com desempenho, fornecendo at\u00e9 1.500 l\u00famens de luz de feixe h\u00edbrido que alcan\u00e7a 375 metros.<\/p>\n<ul>\n<li>\u00d3ptica dupla fornece 35.000 candelas para ilumina\u00e7\u00e3o de longa dist\u00e2ncia<\/li>\n<li>Tr\u00eas configura\u00e7\u00f5es program\u00e1veis: Alta (1.500 l\u00famens), M\u00e9dia (500 l\u00famens) e Baixa (25 l\u00famens)<\/li>\n<li>Corpo de alum\u00ednio aeroespacial para durabilidade e f\u00e1cil oculta\u00e7\u00e3o<\/li>\n<li>Interruptor traseiro t\u00e1tico com estrobosc\u00f3pio de alta frequ\u00eancia opcional<\/li>\n<li>Bateria de pol\u00edmero de l\u00edtio recarreg\u00e1vel por USB-C integrada<\/li>\n<li>Indicador LED de carga da bateria<\/li>\n<li>Clip de bolso revers\u00edvel de a\u00e7o com revestimento Melonite<\/li>\n<li>Resistente \u00e0 \u00e1gua IPX7 at\u00e9 1 metro por 30 minutos<\/li>\n<\/ul>\n<p>A Stiletto Pro II \u00e9 adequada para navega\u00e7\u00e3o em ruas escuras ou atividades ao ar livre. Seu design e desempenho a tornam uma op\u00e7\u00e3o para for\u00e7as policiais, militares e usu\u00e1rios comuns.<\/p>\n","protected":false},"excerpt":{"rendered":"<p>Lanterna EDC fina e potente com 1.500 l\u00famens e feixe de longo alcance.<\/p>\n","protected":false},"featured_media":352348,"template":"","meta":{"_acf_changed":false},"product_brand":[11871],"product_cat":[1646,1647,1565],"product_tag":[],"class_list":{"0":"post-405605","1":"product","2":"type-product","3":"status-publish","4":"has-post-thumbnail","6":"product_brand-surefire","7":"product_cat-edc-pt-pt","8":"product_cat-edc-lights-pt-pt","9":"product_cat-lights-pt-pt","11":"first","12":"outofstock","13":"taxable","14":"shipping-taxable","15":"purchasable","16":"product-type-simple"},"acf":[],"_links":{"self":[{"href":"https:\/\/staging.nbg.eu\/pt-pt\/wp-json\/wp\/v2\/product\/405605","targetHints":{"allow":["GET"]}}],"collection":[{"href":"https:\/\/staging.nbg.eu\/pt-pt\/wp-json\/wp\/v2\/product"}],"about":[{"href":"https:\/\/staging.nbg.eu\/pt-pt\/wp-json\/wp\/v2\/types\/product"}],"wp:featuredmedia":[{"embeddable":true,"href":"https:\/\/staging.nbg.eu\/pt-pt\/wp-json\/wp\/v2\/media\/352348"}],"wp:attachment":[{"href":"https:\/\/staging.nbg.eu\/pt-pt\/wp-json\/wp\/v2\/media?parent=405605"}],"wp:term":[{"taxonomy":"product_brand","embeddable":true,"href":"https:\/\/staging.nbg.eu\/pt-pt\/wp-json\/wp\/v2\/product_brand?post=405605"},{"taxonomy":"product_cat","embeddable":true,"href":"https:\/\/staging.nbg.eu\/pt-pt\/wp-json\/wp\/v2\/product_cat?post=405605"},{"taxonomy":"product_tag","embeddable":true,"href":"https:\/\/staging.nbg.eu\/pt-pt\/wp-json\/wp\/v2\/product_tag?post=405605"}],"curies":[{"name":"wp","href":"https:\/\/api.w.org\/{rel}","templated":true}]}}