{"id":38599,"date":"2024-08-26T13:54:16","date_gmt":"2024-09-09T14:39:15","guid":{"rendered":"https:\/\/staging.nbg.eu\/product\/vanward-ultra-light\/"},"modified":"2025-05-01T17:51:23","modified_gmt":"2025-05-01T17:51:23","slug":"vanward-ultra-light","status":"publish","type":"product","link":"https:\/\/staging.nbg.eu\/pt-pt\/produto\/vanward-ultra-light\/","title":{"rendered":"Vanward Ultra Light"},"content":{"rendered":"<h2>Supressor Ultra Leve Vanward<\/h2>\n<p>Experimente leveza e desempenho incompar\u00e1veis com o supressor Ultra Leve Vanward. Pesando apenas 137 gramas*, \u00e9 o mais leve de sua categoria sem comprometer a funcionalidade.<\/p>\n<h2>Caracter\u00edsticas Principais:<\/h2>\n<ul>\n<li>Espa\u00e7amento de chicanas otimizado para equaliza\u00e7\u00e3o superior de press\u00e3o<\/li>\n<li>Design exterior hexagonal para maior resist\u00eancia e resfriamento<\/li>\n<li>Impresso em 3D em uma \u00fanica pe\u00e7a de Tit\u00e2nio grau 5<\/li>\n<li>Extremamente dur\u00e1vel e resistente \u00e0 corros\u00e3o<\/li>\n<li>Dispon\u00edvel nos calibres .223, .264 e .30<\/li>\n<li>Tipos de rosca: M18x1, M15x1, M14x1, 1\/2*28<\/li>\n<\/ul>\n<h2>Especifica\u00e7\u00f5es:<\/h2>\n<ul>\n<li>Di\u00e2metro: 42mm<\/li>\n<li>Comprimento: 130mm<\/li>\n<li>Peso: 137 gramas* (modelo M18)<\/li>\n<\/ul>\n<p>Eleve sua experi\u00eancia de tiro com o Vanward Ultra Leve &#8211; onde inova\u00e7\u00e3o encontra desempenho.<\/p>\n","protected":false},"excerpt":{"rendered":"<p>Supressor de tit\u00e2nio ultraleve, 137g. Impresso em 3D, dur\u00e1vel, resfriamento eficiente.<\/p>\n","protected":false},"featured_media":32439,"template":"","meta":{"_acf_changed":false},"product_brand":[11949],"product_cat":[654,884,885],"product_tag":[],"class_list":{"0":"post-38599","1":"product","2":"type-product","3":"status-publish","4":"has-post-thumbnail","6":"product_brand-vanward","7":"product_cat-rifle-pt-pt","8":"product_cat-rifle-suppressors-pt-pt","9":"product_cat-suppressors-pt-pt","11":"first","12":"instock","13":"taxable","14":"shipping-taxable","15":"purchasable","16":"product-type-variable","17":"wvs-archive-product-wrapper"},"acf":[],"_links":{"self":[{"href":"https:\/\/staging.nbg.eu\/pt-pt\/wp-json\/wp\/v2\/product\/38599","targetHints":{"allow":["GET"]}}],"collection":[{"href":"https:\/\/staging.nbg.eu\/pt-pt\/wp-json\/wp\/v2\/product"}],"about":[{"href":"https:\/\/staging.nbg.eu\/pt-pt\/wp-json\/wp\/v2\/types\/product"}],"wp:featuredmedia":[{"embeddable":true,"href":"https:\/\/staging.nbg.eu\/pt-pt\/wp-json\/wp\/v2\/media\/32439"}],"wp:attachment":[{"href":"https:\/\/staging.nbg.eu\/pt-pt\/wp-json\/wp\/v2\/media?parent=38599"}],"wp:term":[{"taxonomy":"product_brand","embeddable":true,"href":"https:\/\/staging.nbg.eu\/pt-pt\/wp-json\/wp\/v2\/product_brand?post=38599"},{"taxonomy":"product_cat","embeddable":true,"href":"https:\/\/staging.nbg.eu\/pt-pt\/wp-json\/wp\/v2\/product_cat?post=38599"},{"taxonomy":"product_tag","embeddable":true,"href":"https:\/\/staging.nbg.eu\/pt-pt\/wp-json\/wp\/v2\/product_tag?post=38599"}],"curies":[{"name":"wp","href":"https:\/\/api.w.org\/{rel}","templated":true}]}}