{"id":36315,"date":"2024-07-30T18:55:35","date_gmt":"2024-09-02T13:50:46","guid":{"rendered":"https:\/\/staging.nbg.eu\/product\/helium-whisper-zippered-accessory-pouch\/"},"modified":"2024-09-02T13:51:51","modified_gmt":"2024-09-02T13:51:51","slug":"bolsa-para-acessorios-helium-whisper-com-ziper","status":"publish","type":"product","link":"https:\/\/staging.nbg.eu\/pt-pt\/produto\/bolsa-para-acessorios-helium-whisper-com-ziper\/","title":{"rendered":"Bolsa para Acess\u00f3rios HELIUM WHISPER\u00ae com Z\u00edper"},"content":{"rendered":"<p>\nO HELIUM WHISPER\u00ae ZIPPERED ACCESSORY POUCH da BlueForceGear \u00e9 uma solu\u00e7\u00e3o de armazenamento vers\u00e1til e leve para seu equipamento t\u00e1tico. Caracter\u00edsticas:<\/p>\n<ul>\n<li>Material ULTRAcomp\u00ae ultraleve para durabilidade e resist\u00eancia \u00e0 \u00e1gua<\/li>\n<li>Sistema de fixa\u00e7\u00e3o Helium Whisper\u00ae compat\u00edvel com MOLLE para f\u00e1cil integra\u00e7\u00e3o<\/li>\n<li>Compartimento principal com z\u00edper para armazenamento seguro<\/li>\n<li>Al\u00e7as el\u00e1sticas internas para organiza\u00e7\u00e3o de itens pequenos<\/li>\n<li>Dispon\u00edvel em v\u00e1rias cores para combinar com seu equipamento<\/li>\n<\/ul>\n<p>Perfeito para armazenar suprimentos m\u00e9dicos, eletr\u00f4nicos ou outros itens essenciais, este bolso combina funcionalidade com o design inovador da BlueForceGear para um desempenho ideal em qualquer ambiente.<\/p>\n","protected":false},"excerpt":{"rendered":"<p>Bolsa leve e vers\u00e1til para armazenamento seguro de equipamentos em movimento.<\/p>\n","protected":false},"featured_media":36316,"template":"","meta":{"_acf_changed":false},"product_brand":[11138],"product_cat":[574,575],"product_tag":[],"class_list":{"0":"post-36315","1":"product","2":"type-product","3":"status-publish","4":"has-post-thumbnail","6":"product_brand-blue-force-gear","7":"product_cat-gear-pt-pt","8":"product_cat-pouches-pt-pt","10":"first","11":"instock","12":"taxable","13":"shipping-taxable","14":"purchasable","15":"product-type-variable","16":"wvs-archive-product-wrapper"},"acf":[],"_links":{"self":[{"href":"https:\/\/staging.nbg.eu\/pt-pt\/wp-json\/wp\/v2\/product\/36315","targetHints":{"allow":["GET"]}}],"collection":[{"href":"https:\/\/staging.nbg.eu\/pt-pt\/wp-json\/wp\/v2\/product"}],"about":[{"href":"https:\/\/staging.nbg.eu\/pt-pt\/wp-json\/wp\/v2\/types\/product"}],"wp:featuredmedia":[{"embeddable":true,"href":"https:\/\/staging.nbg.eu\/pt-pt\/wp-json\/wp\/v2\/media\/36316"}],"wp:attachment":[{"href":"https:\/\/staging.nbg.eu\/pt-pt\/wp-json\/wp\/v2\/media?parent=36315"}],"wp:term":[{"taxonomy":"product_brand","embeddable":true,"href":"https:\/\/staging.nbg.eu\/pt-pt\/wp-json\/wp\/v2\/product_brand?post=36315"},{"taxonomy":"product_cat","embeddable":true,"href":"https:\/\/staging.nbg.eu\/pt-pt\/wp-json\/wp\/v2\/product_cat?post=36315"},{"taxonomy":"product_tag","embeddable":true,"href":"https:\/\/staging.nbg.eu\/pt-pt\/wp-json\/wp\/v2\/product_tag?post=36315"}],"curies":[{"name":"wp","href":"https:\/\/api.w.org\/{rel}","templated":true}]}}