{"id":36094,"date":"2024-04-18T05:40:44","date_gmt":"2024-09-02T13:39:59","guid":{"rendered":"https:\/\/staging.nbg.eu\/product\/blue-force-gear-vickers-sling-1-25\/"},"modified":"2024-09-13T09:17:51","modified_gmt":"2024-09-13T09:17:51","slug":"sling-blue-force-gear-vickers-125","status":"publish","type":"product","link":"https:\/\/staging.nbg.eu\/pt-pt\/produto\/sling-blue-force-gear-vickers-125\/","title":{"rendered":"# Sling Blue Force Gear Vickers, 1.25&#8243;"},"content":{"rendered":"<div class=\"product-description\">\n<h2>Blue Force Gear Vickers Sling, 1,25&#8243;<\/h2>\n<p>O Vickers Combat Applications Sling\u2122 \u00e9 uma al\u00e7a t\u00e1tica patenteada, co-desenvolvida com Larry Vickers, ex-membro operacional do 1\u00ba SFOD-Delta e autor do Vickers Guide.<\/p>\n<ul>\n<li>Design de ajuste r\u00e1pido para transi\u00e7\u00f5es<\/li>\n<li>Largura de 1,25&#8243; para distribui\u00e7\u00e3o de peso<\/li>\n<li>Utilizado pelas for\u00e7as militares dos EUA<\/li>\n<li>Constru\u00e7\u00e3o dur\u00e1vel<\/li>\n<\/ul>\n<p>Esta al\u00e7a \u00e9 adequada para operadores profissionais e entusiastas.<\/p>\n<\/div>\n","protected":false},"excerpt":{"rendered":"<p>Bandoleira t\u00e1tica por Larry Vickers. Ajuste r\u00e1pido, grau militar.<\/p>\n","protected":false},"featured_media":36095,"template":"","meta":{"_acf_changed":false},"product_brand":[11138],"product_cat":[574,754],"product_tag":[],"class_list":{"0":"post-36094","1":"product","2":"type-product","3":"status-publish","4":"has-post-thumbnail","6":"product_brand-blue-force-gear","7":"product_cat-gear-pt-pt","8":"product_cat-slings-pt-pt","10":"first","11":"instock","12":"taxable","13":"shipping-taxable","14":"purchasable","15":"product-type-variable","16":"wvs-archive-product-wrapper"},"acf":[],"_links":{"self":[{"href":"https:\/\/staging.nbg.eu\/pt-pt\/wp-json\/wp\/v2\/product\/36094","targetHints":{"allow":["GET"]}}],"collection":[{"href":"https:\/\/staging.nbg.eu\/pt-pt\/wp-json\/wp\/v2\/product"}],"about":[{"href":"https:\/\/staging.nbg.eu\/pt-pt\/wp-json\/wp\/v2\/types\/product"}],"wp:featuredmedia":[{"embeddable":true,"href":"https:\/\/staging.nbg.eu\/pt-pt\/wp-json\/wp\/v2\/media\/36095"}],"wp:attachment":[{"href":"https:\/\/staging.nbg.eu\/pt-pt\/wp-json\/wp\/v2\/media?parent=36094"}],"wp:term":[{"taxonomy":"product_brand","embeddable":true,"href":"https:\/\/staging.nbg.eu\/pt-pt\/wp-json\/wp\/v2\/product_brand?post=36094"},{"taxonomy":"product_cat","embeddable":true,"href":"https:\/\/staging.nbg.eu\/pt-pt\/wp-json\/wp\/v2\/product_cat?post=36094"},{"taxonomy":"product_tag","embeddable":true,"href":"https:\/\/staging.nbg.eu\/pt-pt\/wp-json\/wp\/v2\/product_tag?post=36094"}],"curies":[{"name":"wp","href":"https:\/\/api.w.org\/{rel}","templated":true}]}}