{"id":35646,"date":"2024-07-30T14:27:38","date_gmt":"2024-09-02T13:33:32","guid":{"rendered":"https:\/\/staging.nbg.eu\/product\/blueforcegear-grid-belt\/"},"modified":"2024-09-02T13:34:32","modified_gmt":"2024-09-02T13:34:32","slug":"cinto-grid-blueforcegear","status":"publish","type":"product","link":"https:\/\/staging.nbg.eu\/pt-pt\/produto\/cinto-grid-blueforcegear\/","title":{"rendered":"Cinto GRID BlueForceGear"},"content":{"rendered":"<p>O Cinto GRID\u2122 da BlueForceGear \u00e9 um cinto t\u00e1tico vers\u00e1til e robusto projetado para m\u00e1ximo conforto e funcionalidade. Apresentando o inovador sistema GRID\u2122 compat\u00edvel com MOLLE, este cinto permite a fixa\u00e7\u00e3o personaliz\u00e1vel de bolsas e acess\u00f3rios. Constru\u00eddo com materiais dur\u00e1veis, oferece for\u00e7a e longevidade superiores.<\/p>\n<ul>\n<li>Design leve, por\u00e9m resistente<\/li>\n<li>Fivela cobra de libera\u00e7\u00e3o r\u00e1pida para f\u00e1cil coloca\u00e7\u00e3o\/remo\u00e7\u00e3o<\/li>\n<li>Ajust\u00e1vel para um ajuste perfeito<\/li>\n<li>Compat\u00edvel com coldres de servi\u00e7o e porte velado<\/li>\n<li>Dispon\u00edvel em v\u00e1rias cores e tamanhos<\/li>\n<\/ul>\n<p>Experimente suporte e flexibilidade incompar\u00e1veis com o Cinto GRID\u2122 da BlueForceGear, ideal para for\u00e7as policiais, militares e entusiastas t\u00e1ticos.<\/p>\n","protected":false},"excerpt":{"rendered":"<p>Cinto t\u00e1tico dur\u00e1vel e de baixo perfil para fixa\u00e7\u00e3o vers\u00e1til de equipamentos.<\/p>\n","protected":false},"featured_media":35647,"template":"","meta":{"_acf_changed":false},"product_brand":[11138],"product_cat":[574,1820],"product_tag":[],"class_list":{"0":"post-35646","1":"product","2":"type-product","3":"status-publish","4":"has-post-thumbnail","6":"product_brand-blue-force-gear","7":"product_cat-gear-pt-pt","8":"product_cat-tactical-belts-pt-pt","10":"first","11":"instock","12":"taxable","13":"shipping-taxable","14":"purchasable","15":"product-type-variable","16":"wvs-archive-product-wrapper"},"acf":[],"_links":{"self":[{"href":"https:\/\/staging.nbg.eu\/pt-pt\/wp-json\/wp\/v2\/product\/35646","targetHints":{"allow":["GET"]}}],"collection":[{"href":"https:\/\/staging.nbg.eu\/pt-pt\/wp-json\/wp\/v2\/product"}],"about":[{"href":"https:\/\/staging.nbg.eu\/pt-pt\/wp-json\/wp\/v2\/types\/product"}],"wp:featuredmedia":[{"embeddable":true,"href":"https:\/\/staging.nbg.eu\/pt-pt\/wp-json\/wp\/v2\/media\/35647"}],"wp:attachment":[{"href":"https:\/\/staging.nbg.eu\/pt-pt\/wp-json\/wp\/v2\/media?parent=35646"}],"wp:term":[{"taxonomy":"product_brand","embeddable":true,"href":"https:\/\/staging.nbg.eu\/pt-pt\/wp-json\/wp\/v2\/product_brand?post=35646"},{"taxonomy":"product_cat","embeddable":true,"href":"https:\/\/staging.nbg.eu\/pt-pt\/wp-json\/wp\/v2\/product_cat?post=35646"},{"taxonomy":"product_tag","embeddable":true,"href":"https:\/\/staging.nbg.eu\/pt-pt\/wp-json\/wp\/v2\/product_tag?post=35646"}],"curies":[{"name":"wp","href":"https:\/\/api.w.org\/{rel}","templated":true}]}}