{"id":34712,"date":"2024-07-30T19:26:43","date_gmt":"2024-08-27T14:30:15","guid":{"rendered":"https:\/\/staging.nbg.eu\/product\/mag-now-triple-m4-pouch\/"},"modified":"2024-08-27T14:31:13","modified_gmt":"2024-08-27T14:31:13","slug":"bolsa-tripla-m4-mag-now","status":"publish","type":"product","link":"https:\/\/staging.nbg.eu\/pt-pt\/produto\/bolsa-tripla-m4-mag-now\/","title":{"rendered":"Bolsa Tripla M4 MAG NOW"},"content":{"rendered":"<p>O <strong>MAG NOW! TRIPLE M4 POUCH<\/strong> da BlueForceGear \u00e9 um porta-carregadores de alto desempenho projetado para profissionais t\u00e1ticos e entusiastas. As caracter\u00edsticas incluem:<\/p>\n<ul>\n<li>Comporta tr\u00eas carregadores de 30 tiros M4\/AR-15 de forma segura<\/li>\n<li>Constru\u00e7\u00e3o dur\u00e1vel em nylon Cordura 500D<\/li>\n<li>Sistema de fixa\u00e7\u00e3o Helium Whisper para compatibilidade leve com MOLLE<\/li>\n<li>Tiras el\u00e1sticas de reten\u00e7\u00e3o para acesso r\u00e1pido<\/li>\n<li>Design de baixo perfil para redu\u00e7\u00e3o de volume<\/li>\n<li>Dispon\u00edvel em v\u00e1rias cores para combinar com seu equipamento<\/li>\n<\/ul>\n<p>Aprimore seu equipamento com este porta-carregadores vers\u00e1til e confi\u00e1vel que garante trocas r\u00e1pidas de carregadores quando cada segundo conta.<\/p>\n","protected":false},"excerpt":{"rendered":"<p>Porta-carregador triplo M4 seguro. Acesso r\u00e1pido. Design dur\u00e1vel.<\/p>\n","protected":false},"featured_media":34713,"template":"","meta":{"_acf_changed":false},"product_brand":[11138],"product_cat":[574,1214,575],"product_tag":[],"class_list":{"0":"post-34712","1":"product","2":"type-product","3":"status-publish","4":"has-post-thumbnail","6":"product_brand-blue-force-gear","7":"product_cat-gear-pt-pt","8":"product_cat-magazine-holders-pt-pt","9":"product_cat-pouches-pt-pt","11":"first","12":"instock","13":"taxable","14":"shipping-taxable","15":"purchasable","16":"product-type-variable","17":"wvs-archive-product-wrapper"},"acf":[],"_links":{"self":[{"href":"https:\/\/staging.nbg.eu\/pt-pt\/wp-json\/wp\/v2\/product\/34712","targetHints":{"allow":["GET"]}}],"collection":[{"href":"https:\/\/staging.nbg.eu\/pt-pt\/wp-json\/wp\/v2\/product"}],"about":[{"href":"https:\/\/staging.nbg.eu\/pt-pt\/wp-json\/wp\/v2\/types\/product"}],"wp:featuredmedia":[{"embeddable":true,"href":"https:\/\/staging.nbg.eu\/pt-pt\/wp-json\/wp\/v2\/media\/34713"}],"wp:attachment":[{"href":"https:\/\/staging.nbg.eu\/pt-pt\/wp-json\/wp\/v2\/media?parent=34712"}],"wp:term":[{"taxonomy":"product_brand","embeddable":true,"href":"https:\/\/staging.nbg.eu\/pt-pt\/wp-json\/wp\/v2\/product_brand?post=34712"},{"taxonomy":"product_cat","embeddable":true,"href":"https:\/\/staging.nbg.eu\/pt-pt\/wp-json\/wp\/v2\/product_cat?post=34712"},{"taxonomy":"product_tag","embeddable":true,"href":"https:\/\/staging.nbg.eu\/pt-pt\/wp-json\/wp\/v2\/product_tag?post=34712"}],"curies":[{"name":"wp","href":"https:\/\/api.w.org\/{rel}","templated":true}]}}