{"id":31634,"date":"2024-08-18T19:30:03","date_gmt":"2024-08-24T13:46:54","guid":{"rendered":"https:\/\/staging.nbg.eu\/product\/daa-22x22mm-target-patches\/"},"modified":"2024-09-10T07:36:14","modified_gmt":"2024-09-10T07:36:14","slug":"patches-para-alvo-daa-22x22mm","status":"publish","type":"product","link":"https:\/\/staging.nbg.eu\/pt-pt\/produto\/patches-para-alvo-daa-22x22mm\/","title":{"rendered":"Patches para Alvo Daa 22X22Mm"},"content":{"rendered":"<div class=\"product-description\">\n<h2>Adesivos para Alvos DAA 22x22mm<\/h2>\n<p>Aprimore sua experi\u00eancia de tiro com os Adesivos para Alvos personalizados da DAA, projetados para se misturar perfeitamente com alvos de papel\u00e3o comuns.<\/p>\n<ul>\n<li>Cor combinada para aplica\u00e7\u00e3o quase invis\u00edvel em alvos comuns<\/li>\n<li>Design quadrado \u00fanico de 22x22mm para maior cobertura<\/li>\n<li>Mais f\u00e1cil e r\u00e1pido de aplicar do que adesivos redondos padr\u00e3o<\/li>\n<li>1.000 adesivos por rolo, 10 rolos por embalagem<\/li>\n<\/ul>\n<p>Esses adesivos premium oferecem cobertura e efici\u00eancia superiores em compara\u00e7\u00e3o com os adesivos redondos padr\u00e3o de 20mm. Seu formato quadrado permite uma aplica\u00e7\u00e3o mais r\u00e1pida, sem a necessidade de mira precisa. Seja voc\u00ea um atirador profissional ou recreativo, os Adesivos para Alvos DAA fornecem uma solu\u00e7\u00e3o perfeita para prolongar a vida \u00fatil de seus alvos em qualquer condi\u00e7\u00e3o clim\u00e1tica.<\/p>\n<\/div>\n","protected":false},"excerpt":{"rendered":"<p>Alvos adesivos resistentes \u00e0s intemp\u00e9ries de 22x22mm. 1000\/rolo, 10 rolos\/pacote.<\/p>\n","protected":false},"featured_media":29108,"template":"","meta":{"_acf_changed":false},"product_brand":[11280],"product_cat":[1160,1161,1162],"product_tag":[],"class_list":{"0":"post-31634","1":"product","2":"type-product","3":"status-publish","4":"has-post-thumbnail","6":"product_brand-doublealpha","7":"product_cat-paper-targets-pt-pt","8":"product_cat-patches-patchguns-pt-pt","9":"product_cat-targets-pt-pt","11":"first","12":"instock","13":"taxable","14":"shipping-taxable","15":"purchasable","16":"product-type-variable","17":"wvs-archive-product-wrapper"},"acf":[],"_links":{"self":[{"href":"https:\/\/staging.nbg.eu\/pt-pt\/wp-json\/wp\/v2\/product\/31634","targetHints":{"allow":["GET"]}}],"collection":[{"href":"https:\/\/staging.nbg.eu\/pt-pt\/wp-json\/wp\/v2\/product"}],"about":[{"href":"https:\/\/staging.nbg.eu\/pt-pt\/wp-json\/wp\/v2\/types\/product"}],"wp:featuredmedia":[{"embeddable":true,"href":"https:\/\/staging.nbg.eu\/pt-pt\/wp-json\/wp\/v2\/media\/29108"}],"wp:attachment":[{"href":"https:\/\/staging.nbg.eu\/pt-pt\/wp-json\/wp\/v2\/media?parent=31634"}],"wp:term":[{"taxonomy":"product_brand","embeddable":true,"href":"https:\/\/staging.nbg.eu\/pt-pt\/wp-json\/wp\/v2\/product_brand?post=31634"},{"taxonomy":"product_cat","embeddable":true,"href":"https:\/\/staging.nbg.eu\/pt-pt\/wp-json\/wp\/v2\/product_cat?post=31634"},{"taxonomy":"product_tag","embeddable":true,"href":"https:\/\/staging.nbg.eu\/pt-pt\/wp-json\/wp\/v2\/product_tag?post=31634"}],"curies":[{"name":"wp","href":"https:\/\/api.w.org\/{rel}","templated":true}]}}