{"id":31109,"date":"2024-08-18T19:53:51","date_gmt":"2024-08-24T13:32:04","guid":{"rendered":"https:\/\/staging.nbg.eu\/product\/daa-dry-fire-practice-mag\/"},"modified":"2024-08-24T13:33:35","modified_gmt":"2024-08-24T13:33:35","slug":"carregador-para-treino-a-seco-daa","status":"publish","type":"product","link":"https:\/\/staging.nbg.eu\/pt-pt\/produto\/carregador-para-treino-a-seco-daa\/","title":{"rendered":"Carregador para Treino a Seco Daa"},"content":{"rendered":"<div class=\"product-description\">\n<h2>Carregador de Pr\u00e1tica a Seco Daa da Double Alpha Academy<\/h2>\n<p>Aprimore suas habilidades de tiro com o Carregador de Pr\u00e1tica a Seco Daa. Esta ferramenta inovadora permite um treinamento a seco seguro e eficaz em casa ou no estande de tiro.<\/p>\n<ul>\n<li>Compat\u00edvel com a maioria dos carregadores de pilha dupla de 9mm\/.40<\/li>\n<li>Peso e sensa\u00e7\u00e3o realistas para uma pr\u00e1tica aut\u00eantica<\/li>\n<li>Constru\u00e7\u00e3o dur\u00e1vel para uso prolongado<\/li>\n<li>Ajuda a melhorar o controle do gatilho e alinhamento da mira<\/li>\n<li>Perfeito para competidores de IPSC e USPSA<\/li>\n<\/ul>\n<p>Eleve seu desempenho de tiro sem muni\u00e7\u00e3o real. Pe\u00e7a seu Carregador de Pr\u00e1tica a Seco Daa hoje!<\/p>\n<\/div>\n","protected":false},"excerpt":{"rendered":"<p>Carregador Daa Dry-Fire: Pr\u00e1tica segura e realista para habilidades com armas de m\u00e3o.<\/p>\n","protected":false},"featured_media":29844,"template":"","meta":{"_acf_changed":false},"product_brand":[11280],"product_cat":[979,574],"product_tag":[],"class_list":{"0":"post-31109","1":"product","2":"type-product","3":"status-publish","4":"has-post-thumbnail","6":"product_brand-doublealpha","7":"product_cat-dry-fire-pt-pt","8":"product_cat-gear-pt-pt","10":"first","11":"instock","12":"taxable","13":"shipping-taxable","14":"purchasable","15":"product-type-variable","16":"wvs-archive-product-wrapper"},"acf":[],"_links":{"self":[{"href":"https:\/\/staging.nbg.eu\/pt-pt\/wp-json\/wp\/v2\/product\/31109","targetHints":{"allow":["GET"]}}],"collection":[{"href":"https:\/\/staging.nbg.eu\/pt-pt\/wp-json\/wp\/v2\/product"}],"about":[{"href":"https:\/\/staging.nbg.eu\/pt-pt\/wp-json\/wp\/v2\/types\/product"}],"wp:featuredmedia":[{"embeddable":true,"href":"https:\/\/staging.nbg.eu\/pt-pt\/wp-json\/wp\/v2\/media\/29844"}],"wp:attachment":[{"href":"https:\/\/staging.nbg.eu\/pt-pt\/wp-json\/wp\/v2\/media?parent=31109"}],"wp:term":[{"taxonomy":"product_brand","embeddable":true,"href":"https:\/\/staging.nbg.eu\/pt-pt\/wp-json\/wp\/v2\/product_brand?post=31109"},{"taxonomy":"product_cat","embeddable":true,"href":"https:\/\/staging.nbg.eu\/pt-pt\/wp-json\/wp\/v2\/product_cat?post=31109"},{"taxonomy":"product_tag","embeddable":true,"href":"https:\/\/staging.nbg.eu\/pt-pt\/wp-json\/wp\/v2\/product_tag?post=31109"}],"curies":[{"name":"wp","href":"https:\/\/api.w.org\/{rel}","templated":true}]}}