{"id":290599,"date":"2025-03-02T07:15:36","date_gmt":"2025-03-02T07:15:36","guid":{"rendered":"https:\/\/staging.nbg.eu\/prodcut\/two-vets-tripod-with-area-419-arcalock-dual-clamp-the-qdt-v2-ls-i\/"},"modified":"2025-03-27T10:50:56","modified_gmt":"2025-03-27T10:50:56","slug":"tripe-two-vets-com-grampo-duplo-area-419-arcalock-the-qdt-v2-ls-i","status":"publish","type":"product","link":"https:\/\/staging.nbg.eu\/pt-pt\/produto\/tripe-two-vets-com-grampo-duplo-area-419-arcalock-the-qdt-v2-ls-i\/","title":{"rendered":"Tripe Two Vets com Grampo Duplo Area 419 ARCALOCK &#8211; The QDT V2 LS I"},"content":{"rendered":"<h2>Trip\u00e9 Two Vets com Abra\u00e7adeira Dupla ARCALOCK Area 419 &#8211; QDT V2 LS I<\/h2>\n<p>O GripChanger \u00e9 um novo acess\u00f3rio para tiro. Esta bolsa de 1 libra \u00e9 adequada para constru\u00e7\u00e3o r\u00e1pida de posi\u00e7\u00f5es e uso em aberturas pequenas. Seu design denso permite ader\u00eancia a qualquer superf\u00edcie, fornecendo uma plataforma est\u00e1vel quando necess\u00e1rio.<\/p>\n<h2>O Kit Inclui:<\/h2>\n<ul>\n<li>1 Bolsa GripChanger Area 419 personalizada<\/li>\n<li>1 Abra\u00e7adeira ARCALOCK<\/li>\n<li>1 Bra\u00e7o Rail Changer Area 419<\/li>\n<\/ul>\n<p><strong>Dimens\u00f5es:<\/strong> 10&#8243; \u00d7 3&#8243; \u00d7 2&#8243;<br \/>\n<strong>Fabricante:<\/strong> Armageddon Gear<\/p>\n<p>O kit GripChanger \u00e9 um acess\u00f3rio vers\u00e1til para tiro.<\/p>\n","protected":false},"excerpt":{"rendered":"<p>Trip\u00e9 vers\u00e1til com bra\u00e7adeira dupla para posi\u00e7\u00f5es de disparo r\u00e1pidas e est\u00e1veis.<\/p>\n","protected":false},"featured_media":233734,"template":"","meta":{"_acf_changed":false},"product_brand":[11041],"product_cat":[2961,654],"product_tag":[],"class_list":{"0":"post-290599","1":"product","2":"type-product","3":"status-publish","4":"has-post-thumbnail","6":"product_brand-area-419","7":"product_cat-bipods-pt-pt","8":"product_cat-rifle-pt-pt","10":"first","11":"instock","12":"taxable","13":"shipping-taxable","14":"purchasable","15":"product-type-simple"},"acf":[],"_links":{"self":[{"href":"https:\/\/staging.nbg.eu\/pt-pt\/wp-json\/wp\/v2\/product\/290599","targetHints":{"allow":["GET"]}}],"collection":[{"href":"https:\/\/staging.nbg.eu\/pt-pt\/wp-json\/wp\/v2\/product"}],"about":[{"href":"https:\/\/staging.nbg.eu\/pt-pt\/wp-json\/wp\/v2\/types\/product"}],"wp:featuredmedia":[{"embeddable":true,"href":"https:\/\/staging.nbg.eu\/pt-pt\/wp-json\/wp\/v2\/media\/233734"}],"wp:attachment":[{"href":"https:\/\/staging.nbg.eu\/pt-pt\/wp-json\/wp\/v2\/media?parent=290599"}],"wp:term":[{"taxonomy":"product_brand","embeddable":true,"href":"https:\/\/staging.nbg.eu\/pt-pt\/wp-json\/wp\/v2\/product_brand?post=290599"},{"taxonomy":"product_cat","embeddable":true,"href":"https:\/\/staging.nbg.eu\/pt-pt\/wp-json\/wp\/v2\/product_cat?post=290599"},{"taxonomy":"product_tag","embeddable":true,"href":"https:\/\/staging.nbg.eu\/pt-pt\/wp-json\/wp\/v2\/product_tag?post=290599"}],"curies":[{"name":"wp","href":"https:\/\/api.w.org\/{rel}","templated":true}]}}