{"id":290370,"date":"2025-03-02T06:33:52","date_gmt":"2025-03-27T10:03:32","guid":{"rendered":"https:\/\/staging.nbg.eu\/prodcut\/area-419-railchanger-og-bag\/"},"modified":"2025-03-27T10:05:59","modified_gmt":"2025-03-27T10:05:59","slug":"area-419-bolsa-railchanger-og","status":"publish","type":"product","link":"https:\/\/staging.nbg.eu\/pt-pt\/produto\/area-419-bolsa-railchanger-og\/","title":{"rendered":"Area 419 &#8211; Bolsa RailChanger OG"},"content":{"rendered":"<h2>Area 419 &#8211; Bolsa RailChanger OG<\/h2>\n<p>A RailChanger OG da Armageddon Gear \u00e9 uma bolsa projetada para o sistema RCX. Esta bolsa GameChanger OG de tamanho completo possui pain\u00e9is cortados a laser na parte superior e lateral, permitindo integra\u00e7\u00e3o com o sistema RCX.<\/p>\n<h2>Caracter\u00edsticas principais:<\/h2>\n<ul>\n<li>Projetada para o sistema RCX<\/li>\n<li>Pain\u00e9is cortados a laser para fixa\u00e7\u00e3o<\/li>\n<li>Design GameChanger OG de tamanho completo<\/li>\n<li>Constru\u00e7\u00e3o dur\u00e1vel<\/li>\n<\/ul>\n<h2>Especifica\u00e7\u00f5es:<\/h2>\n<ul>\n<li>Peso: 3,17 kg<\/li>\n<li>Dimens\u00f5es: 25,4 \u00d7 17,8 \u00d7 15,2 cm<\/li>\n<li>Cores dispon\u00edveis: Preto, Bege<\/li>\n<\/ul>\n<p>A RailChanger OG \u00e9 a bolsa concebida para o sistema RCX.<\/p>\n","protected":false},"excerpt":{"rendered":"<p>Bolsa GameChanger personalizada para RCX: pain\u00e9is cortados a laser, tamanho completo, vers\u00e1til.<\/p>\n","protected":false},"featured_media":233477,"template":"","meta":{"_acf_changed":false},"product_brand":[11041],"product_cat":[654],"product_tag":[],"class_list":{"0":"post-290370","1":"product","2":"type-product","3":"status-publish","4":"has-post-thumbnail","6":"product_brand-area-419","7":"product_cat-rifle-pt-pt","9":"first","10":"outofstock","11":"taxable","12":"shipping-taxable","13":"purchasable","14":"product-type-variable","15":"wvs-archive-product-wrapper"},"acf":[],"_links":{"self":[{"href":"https:\/\/staging.nbg.eu\/pt-pt\/wp-json\/wp\/v2\/product\/290370","targetHints":{"allow":["GET"]}}],"collection":[{"href":"https:\/\/staging.nbg.eu\/pt-pt\/wp-json\/wp\/v2\/product"}],"about":[{"href":"https:\/\/staging.nbg.eu\/pt-pt\/wp-json\/wp\/v2\/types\/product"}],"wp:featuredmedia":[{"embeddable":true,"href":"https:\/\/staging.nbg.eu\/pt-pt\/wp-json\/wp\/v2\/media\/233477"}],"wp:attachment":[{"href":"https:\/\/staging.nbg.eu\/pt-pt\/wp-json\/wp\/v2\/media?parent=290370"}],"wp:term":[{"taxonomy":"product_brand","embeddable":true,"href":"https:\/\/staging.nbg.eu\/pt-pt\/wp-json\/wp\/v2\/product_brand?post=290370"},{"taxonomy":"product_cat","embeddable":true,"href":"https:\/\/staging.nbg.eu\/pt-pt\/wp-json\/wp\/v2\/product_cat?post=290370"},{"taxonomy":"product_tag","embeddable":true,"href":"https:\/\/staging.nbg.eu\/pt-pt\/wp-json\/wp\/v2\/product_tag?post=290370"}],"curies":[{"name":"wp","href":"https:\/\/api.w.org\/{rel}","templated":true}]}}