{"id":289916,"date":"2025-03-01T16:08:15","date_gmt":"2025-03-26T21:41:25","guid":{"rendered":"https:\/\/staging.nbg.eu\/prodcut\/area-419-arcalock-barricade-stop\/"},"modified":"2025-03-26T21:44:00","modified_gmt":"2025-03-26T21:44:00","slug":"area-419-trava-de-barricada-arcalock","status":"publish","type":"product","link":"https:\/\/staging.nbg.eu\/pt-pt\/produto\/area-419-trava-de-barricada-arcalock\/","title":{"rendered":"Area 419 &#8211; Trava de Barricada ARCALOCK"},"content":{"rendered":"<h2>Area 419 &#8211; Parada de Barricada ARCALOCK<\/h2>\n<p>Adicione ao seu sistema ARCALOCK esta Parada de Barricada adicional, projetada para estabilidade e precis\u00e3o.<\/p>\n<h2>Caracter\u00edsticas principais:<\/h2>\n<ul>\n<li>Padr\u00e3o de parafusos compat\u00edvel com bip\u00e9 Atlas<\/li>\n<li>Instala\u00e7\u00e3o vers\u00e1til: entre a bra\u00e7adeira e o bip\u00e9 ou use separadamente<\/li>\n<li>Dentes frontais para ader\u00eancia \u00e0 barricada<\/li>\n<li>Usinado internamente em alum\u00ednio 6061-T6<\/li>\n<li>Peso de 0,5 lbs<\/li>\n<li>Dimens\u00f5es: 6&#8243; \u00d7 3,5&#8243; \u00d7 2&#8243;<\/li>\n<\/ul>\n<p><strong>Nota:<\/strong> Apenas parada de barricada; bra\u00e7adeira e bip\u00e9 n\u00e3o inclu\u00eddos. N\u00e3o compat\u00edvel com Bip\u00e9 Harris sem nossa Extens\u00e3o Spigot.<\/p>\n<p>A Parada de Barricada ARCALOCK da Area 419 \u00e9 um acess\u00f3rio para estabilidade em diferentes ambientes.<\/p>\n","protected":false},"excerpt":{"rendered":"<p>Retentor de Barricada ARCALOCK da Area 419: Ader\u00eancia segura para tiro de precis\u00e3o.<\/p>\n","protected":false},"featured_media":233047,"template":"","meta":{"_acf_changed":false},"product_brand":[11041],"product_cat":[733,654,707,655],"product_tag":[],"class_list":{"0":"post-289916","1":"product","2":"type-product","3":"status-publish","4":"has-post-thumbnail","6":"product_brand-area-419","7":"product_cat-rails-pt-pt","8":"product_cat-rifle-pt-pt","9":"product_cat-rifle-grips-pt-pt","10":"product_cat-rifle-parts-pt-pt","12":"first","13":"instock","14":"taxable","15":"shipping-taxable","16":"purchasable","17":"product-type-simple"},"acf":[],"_links":{"self":[{"href":"https:\/\/staging.nbg.eu\/pt-pt\/wp-json\/wp\/v2\/product\/289916","targetHints":{"allow":["GET"]}}],"collection":[{"href":"https:\/\/staging.nbg.eu\/pt-pt\/wp-json\/wp\/v2\/product"}],"about":[{"href":"https:\/\/staging.nbg.eu\/pt-pt\/wp-json\/wp\/v2\/types\/product"}],"wp:featuredmedia":[{"embeddable":true,"href":"https:\/\/staging.nbg.eu\/pt-pt\/wp-json\/wp\/v2\/media\/233047"}],"wp:attachment":[{"href":"https:\/\/staging.nbg.eu\/pt-pt\/wp-json\/wp\/v2\/media?parent=289916"}],"wp:term":[{"taxonomy":"product_brand","embeddable":true,"href":"https:\/\/staging.nbg.eu\/pt-pt\/wp-json\/wp\/v2\/product_brand?post=289916"},{"taxonomy":"product_cat","embeddable":true,"href":"https:\/\/staging.nbg.eu\/pt-pt\/wp-json\/wp\/v2\/product_cat?post=289916"},{"taxonomy":"product_tag","embeddable":true,"href":"https:\/\/staging.nbg.eu\/pt-pt\/wp-json\/wp\/v2\/product_tag?post=289916"}],"curies":[{"name":"wp","href":"https:\/\/api.w.org\/{rel}","templated":true}]}}