{"id":289583,"date":"2025-03-01T14:21:59","date_gmt":"2025-03-26T21:28:57","guid":{"rendered":"https:\/\/staging.nbg.eu\/prodcut\/area-419-arcalock-10%e2%80%b3-universal-dovetail-rail\/"},"modified":"2025-03-26T21:31:28","modified_gmt":"2025-03-26T21:31:28","slug":"area-419-trilho-cauda-de-andorinha-universal-arcalock-10","status":"publish","type":"product","link":"https:\/\/staging.nbg.eu\/pt-pt\/produto\/area-419-trilho-cauda-de-andorinha-universal-arcalock-10\/","title":{"rendered":"Area 419 &#8211; Trilho Cauda de Andorinha Universal ARCALOCK 10&#8243;"},"content":{"rendered":"<div class=\"product-description\">\n<h2>Area 419 &#8211; Trilho Universal ARCALOCK de 10&#8243; com Cauda de Andorinha<\/h2>\n<p>Trilho ARCALOCK Universal de 10&#8243; da Area 419 para rifles de precis\u00e3o. Caracter\u00edsticas do trilho:<\/p>\n<ul>\n<li>Laterais serrilhadas para fixa\u00e7\u00e3o mec\u00e2nica com grampos Area 419<\/li>\n<li>Compat\u00edvel com acess\u00f3rios Arca padr\u00e3o<\/li>\n<li>Peso de 116 gramas<\/li>\n<li>Conforme o padr\u00e3o RRS 1.5&#8243; de cauda de andorinha<\/li>\n<li>Bordas chanfradas<\/li>\n<li>Alum\u00ednio 6061-T6 anodizado Tipo 3<\/li>\n<li>Fabricado nos EUA<\/li>\n<li>Slots M-LOK para montagem de acess\u00f3rios adicionais<\/li>\n<\/ul>\n<p><strong>Observa\u00e7\u00e3o:<\/strong> Requer 6 slots MLOK consecutivos para fixa\u00e7\u00e3o. Para coronhas com menos slots, considere o Trilho Universal de 12&#8243;.<\/p>\n<p>Trilho com sistema de cauda de andorinha ARCALOCK para rifles de precis\u00e3o.<\/p>\n<\/div>\n","protected":false},"excerpt":{"rendered":"<p>Trilho de Rabo de Andorinha Universal ARCALOCK de 10&#8243;: Fixa\u00e7\u00e3o MLOK segura e vers\u00e1til para rifles de precis\u00e3o.<\/p>\n","protected":false},"featured_media":232431,"template":"","meta":{"_acf_changed":false},"product_brand":[11041],"product_cat":[733,654,390],"product_tag":[],"class_list":{"0":"post-289583","1":"product","2":"type-product","3":"status-publish","4":"has-post-thumbnail","6":"product_brand-area-419","7":"product_cat-rails-pt-pt","8":"product_cat-rifle-pt-pt","9":"product_cat-aiming","11":"first","12":"instock","13":"taxable","14":"shipping-taxable","15":"purchasable","16":"product-type-simple"},"acf":[],"_links":{"self":[{"href":"https:\/\/staging.nbg.eu\/pt-pt\/wp-json\/wp\/v2\/product\/289583","targetHints":{"allow":["GET"]}}],"collection":[{"href":"https:\/\/staging.nbg.eu\/pt-pt\/wp-json\/wp\/v2\/product"}],"about":[{"href":"https:\/\/staging.nbg.eu\/pt-pt\/wp-json\/wp\/v2\/types\/product"}],"wp:featuredmedia":[{"embeddable":true,"href":"https:\/\/staging.nbg.eu\/pt-pt\/wp-json\/wp\/v2\/media\/232431"}],"wp:attachment":[{"href":"https:\/\/staging.nbg.eu\/pt-pt\/wp-json\/wp\/v2\/media?parent=289583"}],"wp:term":[{"taxonomy":"product_brand","embeddable":true,"href":"https:\/\/staging.nbg.eu\/pt-pt\/wp-json\/wp\/v2\/product_brand?post=289583"},{"taxonomy":"product_cat","embeddable":true,"href":"https:\/\/staging.nbg.eu\/pt-pt\/wp-json\/wp\/v2\/product_cat?post=289583"},{"taxonomy":"product_tag","embeddable":true,"href":"https:\/\/staging.nbg.eu\/pt-pt\/wp-json\/wp\/v2\/product_tag?post=289583"}],"curies":[{"name":"wp","href":"https:\/\/api.w.org\/{rel}","templated":true}]}}