{"id":289455,"date":"2025-03-01T15:46:12","date_gmt":"2025-03-26T21:24:40","guid":{"rendered":"https:\/\/staging.nbg.eu\/prodcut\/area-419-arcalock-14-universal-dovetail-rail\/"},"modified":"2025-03-26T21:27:12","modified_gmt":"2025-03-26T21:27:12","slug":"area-419-trilho-cauda-de-andorinha-universal-arcalock-14","status":"publish","type":"product","link":"https:\/\/staging.nbg.eu\/pt-pt\/produto\/area-419-trilho-cauda-de-andorinha-universal-arcalock-14\/","title":{"rendered":"Area 419 &#8211; Trilho Cauda de Andorinha Universal ARCALOCK 14&#8243;"},"content":{"rendered":"<h2>Area 419 &#8211; Trilho Cauda de Andorinha Universal ARCALOCK 14&#8243;<\/h2>\n<p>O trilho universal ARCALOCK 14&#8243; da Area 419 possui as seguintes caracter\u00edsticas:<\/p>\n<ul>\n<li>Laterais serrilhadas para travamento mec\u00e2nico com grampos Area 419<\/li>\n<li>65 posi\u00e7\u00f5es de travamento no trilho de 14&#8243;<\/li>\n<li>Compatibilidade com acess\u00f3rios Arca padr\u00e3o<\/li>\n<li>Parada de barricada traseira fixa serrilhada com plugue de extens\u00e3o<\/li>\n<li>Peso de 158,7 gramas<\/li>\n<li>Fabricado conforme o padr\u00e3o RRS 1.5&#8243; Cauda de Andorinha<\/li>\n<li>Cantos arredondados e bordas chanfradas<\/li>\n<li>Constru\u00e7\u00e3o em alum\u00ednio 6061-T6 com anodiza\u00e7\u00e3o Tipo 3<\/li>\n<li>Fabricado nos EUA<\/li>\n<\/ul>\n<p>O sistema de trilho ARCALOCK foi projetado para estabilidade e versatilidade em rifles.<\/p>\n","protected":false},"excerpt":{"rendered":"<p>&#8220;Trilho ARCA com trava para rifles de precis\u00e3o. 35,56 cm, 65 posi\u00e7\u00f5es, 158,8 gramas.&#8221;<\/p>\n","protected":false},"featured_media":232594,"template":"","meta":{"_acf_changed":false},"product_brand":[11041],"product_cat":[733,654,390],"product_tag":[],"class_list":{"0":"post-289455","1":"product","2":"type-product","3":"status-publish","4":"has-post-thumbnail","6":"product_brand-area-419","7":"product_cat-rails-pt-pt","8":"product_cat-rifle-pt-pt","9":"product_cat-aiming","11":"first","12":"instock","13":"taxable","14":"shipping-taxable","15":"purchasable","16":"product-type-simple"},"acf":[],"_links":{"self":[{"href":"https:\/\/staging.nbg.eu\/pt-pt\/wp-json\/wp\/v2\/product\/289455","targetHints":{"allow":["GET"]}}],"collection":[{"href":"https:\/\/staging.nbg.eu\/pt-pt\/wp-json\/wp\/v2\/product"}],"about":[{"href":"https:\/\/staging.nbg.eu\/pt-pt\/wp-json\/wp\/v2\/types\/product"}],"wp:featuredmedia":[{"embeddable":true,"href":"https:\/\/staging.nbg.eu\/pt-pt\/wp-json\/wp\/v2\/media\/232594"}],"wp:attachment":[{"href":"https:\/\/staging.nbg.eu\/pt-pt\/wp-json\/wp\/v2\/media?parent=289455"}],"wp:term":[{"taxonomy":"product_brand","embeddable":true,"href":"https:\/\/staging.nbg.eu\/pt-pt\/wp-json\/wp\/v2\/product_brand?post=289455"},{"taxonomy":"product_cat","embeddable":true,"href":"https:\/\/staging.nbg.eu\/pt-pt\/wp-json\/wp\/v2\/product_cat?post=289455"},{"taxonomy":"product_tag","embeddable":true,"href":"https:\/\/staging.nbg.eu\/pt-pt\/wp-json\/wp\/v2\/product_tag?post=289455"}],"curies":[{"name":"wp","href":"https:\/\/api.w.org\/{rel}","templated":true}]}}