{"id":289360,"date":"2024-01-30T18:07:31","date_gmt":"2025-03-26T21:22:26","guid":{"rendered":"https:\/\/staging.nbg.eu\/prodcut\/area-419-arcalock-12-m-lok-dovetail-rail-2\/"},"modified":"2025-03-26T21:25:11","modified_gmt":"2025-03-26T21:25:11","slug":"area-419-trilho-cauda-de-andorinha-arcalock-12-m-lok","status":"publish","type":"product","link":"https:\/\/staging.nbg.eu\/pt-pt\/produto\/area-419-trilho-cauda-de-andorinha-arcalock-12-m-lok\/","title":{"rendered":"Area 419 &#8211; Trilho Cauda de Andorinha ARCALOCK 12&#8243; M-LOK"},"content":{"rendered":"<h2>Area 419 &#8211; Trilho Cauda de Andorinha ARCALOCK 12&#8243; M-LOK<\/h2>\n<p>O trilho ARCALOCK 12&#8243; M-LOK Cauda de Andorinha da Area 419 apresenta:<\/p>\n<ul>\n<li>Laterais serrilhadas para travamento mec\u00e2nico com grampos Area 419<\/li>\n<li>Compatibilidade com acess\u00f3rios Arca padr\u00e3o<\/li>\n<li>Comprimento de 12&#8243; para espa\u00e7o de fixa\u00e7\u00e3o<\/li>\n<li>Peso de 111,5 gramas<\/li>\n<li>Conformidade com o padr\u00e3o RRS 1.5&#8243; Cauda de Andorinha<\/li>\n<li>Bordas chanfradas<\/li>\n<li>Op\u00e7\u00f5es de montagem para v\u00e1rias configura\u00e7\u00f5es de rifle<\/li>\n<li>Constru\u00e7\u00e3o em Alum\u00ednio 6061-T6 com anodiza\u00e7\u00e3o Tipo 3<\/li>\n<li>Fabricado nos EUA<\/li>\n<\/ul>\n<p>O Sistema de Trilho Cauda de Andorinha ARCALOCK \u00e9 projetado para eliminar movimento sob press\u00e3o.<\/p>\n","protected":false},"excerpt":{"rendered":"<p>Trilho ARCA de 12&#8243; com trava para rifles de precis\u00e3o. Laterais serrilhadas, compat\u00edvel com M-LOK.<\/p>\n","protected":false},"featured_media":232517,"template":"","meta":{"_acf_changed":false},"product_brand":[11041],"product_cat":[733,654],"product_tag":[],"class_list":{"0":"post-289360","1":"product","2":"type-product","3":"status-publish","4":"has-post-thumbnail","6":"product_brand-area-419","7":"product_cat-rails-pt-pt","8":"product_cat-rifle-pt-pt","10":"first","11":"instock","12":"taxable","13":"shipping-taxable","14":"purchasable","15":"product-type-variable","16":"wvs-archive-product-wrapper"},"acf":[],"_links":{"self":[{"href":"https:\/\/staging.nbg.eu\/pt-pt\/wp-json\/wp\/v2\/product\/289360","targetHints":{"allow":["GET"]}}],"collection":[{"href":"https:\/\/staging.nbg.eu\/pt-pt\/wp-json\/wp\/v2\/product"}],"about":[{"href":"https:\/\/staging.nbg.eu\/pt-pt\/wp-json\/wp\/v2\/types\/product"}],"wp:featuredmedia":[{"embeddable":true,"href":"https:\/\/staging.nbg.eu\/pt-pt\/wp-json\/wp\/v2\/media\/232517"}],"wp:attachment":[{"href":"https:\/\/staging.nbg.eu\/pt-pt\/wp-json\/wp\/v2\/media?parent=289360"}],"wp:term":[{"taxonomy":"product_brand","embeddable":true,"href":"https:\/\/staging.nbg.eu\/pt-pt\/wp-json\/wp\/v2\/product_brand?post=289360"},{"taxonomy":"product_cat","embeddable":true,"href":"https:\/\/staging.nbg.eu\/pt-pt\/wp-json\/wp\/v2\/product_cat?post=289360"},{"taxonomy":"product_tag","embeddable":true,"href":"https:\/\/staging.nbg.eu\/pt-pt\/wp-json\/wp\/v2\/product_tag?post=289360"}],"curies":[{"name":"wp","href":"https:\/\/api.w.org\/{rel}","templated":true}]}}