{"id":289228,"date":"2025-03-05T07:40:12","date_gmt":"2025-03-05T07:40:12","guid":{"rendered":"https:\/\/staging.nbg.eu\/prodcut\/magpul-moe-sl-carbine-stock-for-ar15-m4\/"},"modified":"2025-03-26T21:07:26","modified_gmt":"2025-03-26T21:07:26","slug":"magpul-coronha-carabina-moe-sl-para-ar15-m4","status":"publish","type":"product","link":"https:\/\/staging.nbg.eu\/pt-pt\/produto\/magpul-coronha-carabina-moe-sl-para-ar15-m4\/","title":{"rendered":"Magpul &#8211; Coronha Carabina MOE SL para AR15 \/ M4"},"content":{"rendered":"<h2>Coronha Magpul MOE SL para Carabina AR15 \/ M4<\/h2>\n<p>A Coronha Magpul MOE SL \u00e9 uma substitui\u00e7\u00e3o para tubos de extens\u00e3o do receptor Mil-Spec em carabinas AR15\/M4. Fabricada nos EUA, esta coronha inclui:<\/p>\n<ul>\n<li>Perfil com apoio de bochecha melhorado<\/li>\n<li>Travas de libera\u00e7\u00e3o em ambos os lados para ajuste<\/li>\n<li>Base arredondada para transi\u00e7\u00f5es de ombro<\/li>\n<li>Placa de borracha angular para ader\u00eancia e prote\u00e7\u00e3o contra impacto<\/li>\n<li>Mecanismo interno anti-vibra\u00e7\u00e3o para ajuste seguro<\/li>\n<li>Montagem para presilha QD e loop de correia de 1,25&#8243;<\/li>\n<li>Compat\u00edvel com v\u00e1rios acess\u00f3rios de correia<\/li>\n<\/ul>\n<p>Especifica\u00e7\u00f5es: peso de 264g, faixa de ajuste LOP de 8,4cm, compat\u00edvel com tubos Mil-Spec de Colt, LMT, Ruger, S&amp;W, SIG e outros.<\/p>\n<p><strong>Observa\u00e7\u00e3o:<\/strong> Verifique a compatibilidade com o tamanho do tubo de extens\u00e3o do seu receptor antes da compra.<\/p>\n","protected":false},"excerpt":{"rendered":"<p>Coronha elegante e ajust\u00e1vel para AR15\/M4. Libera\u00e7\u00e3o bilateral, almofada antiderrapante, montagem de desconex\u00e3o r\u00e1pida (QD).<\/p>\n","protected":false},"featured_media":237994,"template":"","meta":{"_acf_changed":false},"product_brand":[11543],"product_cat":[654,8974,655],"product_tag":[],"class_list":{"0":"post-289228","1":"product","2":"type-product","3":"status-publish","4":"has-post-thumbnail","6":"product_brand-magpul","7":"product_cat-rifle-pt-pt","8":"product_cat-rifle-stocks-pt-pt","9":"product_cat-rifle-parts-pt-pt","11":"first","12":"outofstock","13":"taxable","14":"shipping-taxable","15":"purchasable","16":"product-type-simple"},"acf":[],"_links":{"self":[{"href":"https:\/\/staging.nbg.eu\/pt-pt\/wp-json\/wp\/v2\/product\/289228","targetHints":{"allow":["GET"]}}],"collection":[{"href":"https:\/\/staging.nbg.eu\/pt-pt\/wp-json\/wp\/v2\/product"}],"about":[{"href":"https:\/\/staging.nbg.eu\/pt-pt\/wp-json\/wp\/v2\/types\/product"}],"wp:featuredmedia":[{"embeddable":true,"href":"https:\/\/staging.nbg.eu\/pt-pt\/wp-json\/wp\/v2\/media\/237994"}],"wp:attachment":[{"href":"https:\/\/staging.nbg.eu\/pt-pt\/wp-json\/wp\/v2\/media?parent=289228"}],"wp:term":[{"taxonomy":"product_brand","embeddable":true,"href":"https:\/\/staging.nbg.eu\/pt-pt\/wp-json\/wp\/v2\/product_brand?post=289228"},{"taxonomy":"product_cat","embeddable":true,"href":"https:\/\/staging.nbg.eu\/pt-pt\/wp-json\/wp\/v2\/product_cat?post=289228"},{"taxonomy":"product_tag","embeddable":true,"href":"https:\/\/staging.nbg.eu\/pt-pt\/wp-json\/wp\/v2\/product_tag?post=289228"}],"curies":[{"name":"wp","href":"https:\/\/api.w.org\/{rel}","templated":true}]}}