{"id":288892,"date":"2025-03-05T10:45:22","date_gmt":"2025-03-05T10:45:22","guid":{"rendered":"https:\/\/staging.nbg.eu\/prodcut\/magpul-pmag-ar-m4-gen-m3-10rds\/"},"modified":"2025-03-26T19:11:19","modified_gmt":"2025-03-26T19:11:19","slug":"magpul-pmag-arm4-gen-m3","status":"publish","type":"product","link":"https:\/\/staging.nbg.eu\/pt-pt\/produto\/magpul-pmag-arm4-gen-m3\/","title":{"rendered":"Magpul &#8211; PMAG AR\/M4 GEN M3"},"content":{"rendered":"<h2>Magpul &#8211; PMAG\u00ae AR\/M4 GEN M3\u2122<\/h2>\n<p>O PMAG 10 GEN M3 \u00e9 um carregador de pol\u00edmero de 10 tiros para armas compat\u00edveis com AR15\/M4. Este carregador oferece:<\/p>\n<ul>\n<li>Resist\u00eancia e durabilidade com constru\u00e7\u00e3o em pol\u00edmero avan\u00e7ado<\/li>\n<li>Compatibilidade com v\u00e1rias plataformas, incluindo HK\u00ae 416 e FN\u00ae SCAR\u2122 MK 16\/16S<\/li>\n<li>Alimenta\u00e7\u00e3o confi\u00e1vel com um seguidor anti-inclina\u00e7\u00e3o de quatro vias<\/li>\n<li>Desmontagem f\u00e1cil e prote\u00e7\u00e3o aprimorada contra quedas com base alargada<\/li>\n<li>Opera\u00e7\u00e3o suave devido \u00e0 geometria interna de curva constante<\/li>\n<li>Manuseio melhorado com superf\u00edcie estriada e textura<\/li>\n<\/ul>\n<p>Fabricado nos EUA, o PMAG 10 GEN M3 \u00e9 adequado para tiro em posi\u00e7\u00e3o deitada e uso t\u00e1tico.<\/p>\n","protected":false},"excerpt":{"rendered":"<p>Carregador AR15\/M4 dur\u00e1vel de 10 tiros com recursos aprimorados e compatibilidade aperfei\u00e7oada.<\/p>\n","protected":false},"featured_media":239097,"template":"","meta":{"_acf_changed":false},"product_brand":[11543],"product_cat":[654,2775],"product_tag":[],"class_list":{"0":"post-288892","1":"product","2":"type-product","3":"status-publish","4":"has-post-thumbnail","6":"product_brand-magpul","7":"product_cat-rifle-pt-pt","8":"product_cat-rifle-magazines-pt-pt","10":"first","11":"instock","12":"taxable","13":"shipping-taxable","14":"product-type-variable","15":"wvs-archive-product-wrapper"},"acf":[],"_links":{"self":[{"href":"https:\/\/staging.nbg.eu\/pt-pt\/wp-json\/wp\/v2\/product\/288892","targetHints":{"allow":["GET"]}}],"collection":[{"href":"https:\/\/staging.nbg.eu\/pt-pt\/wp-json\/wp\/v2\/product"}],"about":[{"href":"https:\/\/staging.nbg.eu\/pt-pt\/wp-json\/wp\/v2\/types\/product"}],"wp:featuredmedia":[{"embeddable":true,"href":"https:\/\/staging.nbg.eu\/pt-pt\/wp-json\/wp\/v2\/media\/239097"}],"wp:attachment":[{"href":"https:\/\/staging.nbg.eu\/pt-pt\/wp-json\/wp\/v2\/media?parent=288892"}],"wp:term":[{"taxonomy":"product_brand","embeddable":true,"href":"https:\/\/staging.nbg.eu\/pt-pt\/wp-json\/wp\/v2\/product_brand?post=288892"},{"taxonomy":"product_cat","embeddable":true,"href":"https:\/\/staging.nbg.eu\/pt-pt\/wp-json\/wp\/v2\/product_cat?post=288892"},{"taxonomy":"product_tag","embeddable":true,"href":"https:\/\/staging.nbg.eu\/pt-pt\/wp-json\/wp\/v2\/product_tag?post=288892"}],"curies":[{"name":"wp","href":"https:\/\/api.w.org\/{rel}","templated":true}]}}