{"id":288189,"date":"2025-03-06T10:17:52","date_gmt":"2025-03-26T17:22:36","guid":{"rendered":"https:\/\/staging.nbg.eu\/prodcut\/ftcs-dong-handguard-m-lok-akm\/"},"modified":"2025-03-26T17:25:06","modified_gmt":"2025-03-26T17:25:06","slug":"ftcs-guardamao-dong-m-lok-akm","status":"publish","type":"product","link":"https:\/\/staging.nbg.eu\/pt-pt\/produto\/ftcs-guardamao-dong-m-lok-akm\/","title":{"rendered":"FTCS &#8211; Guardamao &#8220;Dong&#8221; &#8211; M-LOK &#8211; AKM"},"content":{"rendered":"<div class=\"product-description\">\n<h2>FTCS &#8211; Guarda-m\u00e3o &#8220;Dong&#8221; &#8211; M-LOK &#8211; AKM<\/h2>\n<p>Guarda-m\u00e3o FTCS &#8220;Dong&#8221; para rifles AKM\/AKMS no estilo AIMS. Caracter\u00edsticas:<\/p>\n<ul>\n<li>Constru\u00e7\u00e3o em madeira leve<\/li>\n<li>Empunhadura frontal integrada<\/li>\n<li>Slots M-LOK para montagem de acess\u00f3rios<\/li>\n<li>Compat\u00edvel com coronhas dobr\u00e1veis<\/li>\n<li>Acabamento Cerakote preto grafite<\/li>\n<\/ul>\n<p>Peso de 141g e dimens\u00f5es de 160x120x35mm. Os trilhos M-LOK laterais permitem a fixa\u00e7\u00e3o de lanternas, lasers e outros acess\u00f3rios, mantendo a est\u00e9tica cl\u00e1ssica de madeira.<\/p>\n<p>Guarda-m\u00e3o FTCS &#8220;Dong&#8221; para AKM.<\/p>\n<\/div>\n","protected":false},"excerpt":{"rendered":"<p>Guarda-m\u00e3o de madeira cl\u00e1ssico estilo AIMS para AKM com trilhos M-LOK.<\/p>\n","protected":false},"featured_media":241002,"template":"","meta":{"_acf_changed":false},"product_brand":[11325],"product_cat":[1376,707,655],"product_tag":[],"class_list":{"0":"post-288189","1":"product","2":"type-product","3":"status-publish","4":"has-post-thumbnail","6":"product_brand-ftcs","7":"product_cat-ak-tuning-pt-pt","8":"product_cat-rifle-grips-pt-pt","9":"product_cat-rifle-parts-pt-pt","11":"first","12":"instock","13":"taxable","14":"shipping-taxable","15":"purchasable","16":"product-type-simple"},"acf":[],"_links":{"self":[{"href":"https:\/\/staging.nbg.eu\/pt-pt\/wp-json\/wp\/v2\/product\/288189","targetHints":{"allow":["GET"]}}],"collection":[{"href":"https:\/\/staging.nbg.eu\/pt-pt\/wp-json\/wp\/v2\/product"}],"about":[{"href":"https:\/\/staging.nbg.eu\/pt-pt\/wp-json\/wp\/v2\/types\/product"}],"wp:featuredmedia":[{"embeddable":true,"href":"https:\/\/staging.nbg.eu\/pt-pt\/wp-json\/wp\/v2\/media\/241002"}],"wp:attachment":[{"href":"https:\/\/staging.nbg.eu\/pt-pt\/wp-json\/wp\/v2\/media?parent=288189"}],"wp:term":[{"taxonomy":"product_brand","embeddable":true,"href":"https:\/\/staging.nbg.eu\/pt-pt\/wp-json\/wp\/v2\/product_brand?post=288189"},{"taxonomy":"product_cat","embeddable":true,"href":"https:\/\/staging.nbg.eu\/pt-pt\/wp-json\/wp\/v2\/product_cat?post=288189"},{"taxonomy":"product_tag","embeddable":true,"href":"https:\/\/staging.nbg.eu\/pt-pt\/wp-json\/wp\/v2\/product_tag?post=288189"}],"curies":[{"name":"wp","href":"https:\/\/api.w.org\/{rel}","templated":true}]}}