{"id":287785,"date":"2025-03-05T11:33:07","date_gmt":"2025-03-05T11:33:07","guid":{"rendered":"https:\/\/staging.nbg.eu\/prodcut\/clawgear-ak47-medium-slick-handguard-m-lok\/"},"modified":"2025-03-26T12:50:05","modified_gmt":"2025-03-26T12:50:05","slug":"clawgear-guarda-mao-medio-liso-ak47-m-lok","status":"publish","type":"product","link":"https:\/\/staging.nbg.eu\/pt-pt\/produto\/clawgear-guarda-mao-medio-liso-ak47-m-lok\/","title":{"rendered":"Clawgear Guarda-M\u00e3o M\u00e9dio Liso AK47 M-LOK"},"content":{"rendered":"<div class=\"product-description\">\n<h2>Clawgear AK47 Guarda-m\u00e3o M\u00e9dio M-LOK<\/h2>\n<p>Guarda-m\u00e3o para AK47 da Clawgear. Possui revestimento preto fosco para reduzir reflexos. O sistema de montagem M-LOK permite a fixa\u00e7\u00e3o de acess\u00f3rios. Inclui ponto de fixa\u00e7\u00e3o para bandoleira QD.<\/p>\n<ul>\n<li>Compat\u00edvel com receptores estampados e fresados<\/li>\n<li>Fabricado em alum\u00ednio 6061<\/li>\n<li>Acabamento anodizado Tipo III MIL-SPEC<\/li>\n<li>Peso: 0,15 kg<\/li>\n<li>Dimens\u00f5es: 26,2 cm (C) x 4,3 cm (L) x 4,3 cm (A)<\/li>\n<\/ul>\n<p>Guarda-m\u00e3o para melhorar a funcionalidade do AK47.<\/p>\n<\/div>\n","protected":false},"excerpt":{"rendered":"<p>Guarda-m\u00e3o leve para AK47 com sistema M-LOK, ponto de fixa\u00e7\u00e3o QD para al\u00e7a e acabamento fosco.<\/p>\n","protected":false},"featured_media":239654,"template":"","meta":{"_acf_changed":false},"product_brand":[11231],"product_cat":[1376,733,654,655],"product_tag":[],"class_list":{"0":"post-287785","1":"product","2":"type-product","3":"status-publish","4":"has-post-thumbnail","6":"product_brand-clawgear","7":"product_cat-ak-tuning-pt-pt","8":"product_cat-rails-pt-pt","9":"product_cat-rifle-pt-pt","10":"product_cat-rifle-parts-pt-pt","12":"first","13":"instock","14":"taxable","15":"shipping-taxable","16":"purchasable","17":"product-type-simple"},"acf":[],"_links":{"self":[{"href":"https:\/\/staging.nbg.eu\/pt-pt\/wp-json\/wp\/v2\/product\/287785","targetHints":{"allow":["GET"]}}],"collection":[{"href":"https:\/\/staging.nbg.eu\/pt-pt\/wp-json\/wp\/v2\/product"}],"about":[{"href":"https:\/\/staging.nbg.eu\/pt-pt\/wp-json\/wp\/v2\/types\/product"}],"wp:featuredmedia":[{"embeddable":true,"href":"https:\/\/staging.nbg.eu\/pt-pt\/wp-json\/wp\/v2\/media\/239654"}],"wp:attachment":[{"href":"https:\/\/staging.nbg.eu\/pt-pt\/wp-json\/wp\/v2\/media?parent=287785"}],"wp:term":[{"taxonomy":"product_brand","embeddable":true,"href":"https:\/\/staging.nbg.eu\/pt-pt\/wp-json\/wp\/v2\/product_brand?post=287785"},{"taxonomy":"product_cat","embeddable":true,"href":"https:\/\/staging.nbg.eu\/pt-pt\/wp-json\/wp\/v2\/product_cat?post=287785"},{"taxonomy":"product_tag","embeddable":true,"href":"https:\/\/staging.nbg.eu\/pt-pt\/wp-json\/wp\/v2\/product_tag?post=287785"}],"curies":[{"name":"wp","href":"https:\/\/api.w.org\/{rel}","templated":true}]}}