{"id":287721,"date":"2025-03-06T20:23:37","date_gmt":"2025-03-06T20:23:37","guid":{"rendered":"https:\/\/staging.nbg.eu\/prodcut\/clawgear-ak47-short-slick-handguard-m-lok\/"},"modified":"2025-03-26T12:39:16","modified_gmt":"2025-03-26T12:39:16","slug":"clawgear-guarda-mao-curto-liso-ak47-m-lok","status":"publish","type":"product","link":"https:\/\/staging.nbg.eu\/pt-pt\/produto\/clawgear-guarda-mao-curto-liso-ak47-m-lok\/","title":{"rendered":"Clawgear &#8211; Guarda-M\u00e3o Curto Liso AK47 M-LOK"},"content":{"rendered":"<h2>Clawgear &#8211; Guarda-m\u00e3o Curto AK47 com Sistema M-LOK<\/h2>\n<p>Guarda-m\u00e3o para AK47 com as seguintes caracter\u00edsticas:<\/p>\n<ul>\n<li>Sistema de montagem M-LOK para acess\u00f3rios<\/li>\n<li>Superf\u00edcie preta fosca para reduzir reflexos<\/li>\n<li>Ponto de fixa\u00e7\u00e3o QD para al\u00e7a na parte traseira<\/li>\n<li>Compat\u00edvel com receptores estampados e fresados<\/li>\n<li>Fabricado em alum\u00ednio 6061 de alta resist\u00eancia<\/li>\n<li>Acabamento anodizado Tipo III de especifica\u00e7\u00e3o militar<\/li>\n<\/ul>\n<p>Dimens\u00f5es: 16,4cm (C) x 4,5cm (L) x 4cm (A)<\/p>\n<p>Peso: 0,16kg<\/p>\n<p>Guarda-m\u00e3o para melhorar a funcionalidade do AK47. Adequado para entusiastas e profissionais.<\/p>\n","protected":false},"excerpt":{"rendered":"<p>Guarda-m\u00e3o leve com sistema M-LOK para AK47. Ponto de fixa\u00e7\u00e3o r\u00e1pida para bandoleira. Compat\u00edvel com diversos receptores.<\/p>\n","protected":false},"featured_media":245169,"template":"","meta":{"_acf_changed":false},"product_brand":[],"product_cat":[1376,654,655],"product_tag":[],"class_list":{"0":"post-287721","1":"product","2":"type-product","3":"status-publish","4":"has-post-thumbnail","6":"product_cat-ak-tuning-pt-pt","7":"product_cat-rifle-pt-pt","8":"product_cat-rifle-parts-pt-pt","10":"first","11":"instock","12":"taxable","13":"shipping-taxable","14":"purchasable","15":"product-type-simple"},"acf":[],"_links":{"self":[{"href":"https:\/\/staging.nbg.eu\/pt-pt\/wp-json\/wp\/v2\/product\/287721","targetHints":{"allow":["GET"]}}],"collection":[{"href":"https:\/\/staging.nbg.eu\/pt-pt\/wp-json\/wp\/v2\/product"}],"about":[{"href":"https:\/\/staging.nbg.eu\/pt-pt\/wp-json\/wp\/v2\/types\/product"}],"wp:featuredmedia":[{"embeddable":true,"href":"https:\/\/staging.nbg.eu\/pt-pt\/wp-json\/wp\/v2\/media\/245169"}],"wp:attachment":[{"href":"https:\/\/staging.nbg.eu\/pt-pt\/wp-json\/wp\/v2\/media?parent=287721"}],"wp:term":[{"taxonomy":"product_brand","embeddable":true,"href":"https:\/\/staging.nbg.eu\/pt-pt\/wp-json\/wp\/v2\/product_brand?post=287721"},{"taxonomy":"product_cat","embeddable":true,"href":"https:\/\/staging.nbg.eu\/pt-pt\/wp-json\/wp\/v2\/product_cat?post=287721"},{"taxonomy":"product_tag","embeddable":true,"href":"https:\/\/staging.nbg.eu\/pt-pt\/wp-json\/wp\/v2\/product_tag?post=287721"}],"curies":[{"name":"wp","href":"https:\/\/api.w.org\/{rel}","templated":true}]}}