{"id":285497,"date":"2025-03-04T19:02:48","date_gmt":"2025-03-25T14:28:30","guid":{"rendered":"https:\/\/staging.nbg.eu\/product\/magpul-ctr-moe-cheek-riser-0-75\/"},"modified":"2025-03-25T14:30:47","modified_gmt":"2025-03-25T14:30:47","slug":"magpul-elevador-de-bochecha-ctr-moe-075","status":"publish","type":"product","link":"https:\/\/staging.nbg.eu\/pt-pt\/produto\/magpul-elevador-de-bochecha-ctr-moe-075\/","title":{"rendered":"Magpul &#8211; Elevador de Bochecha CTR \/ MOE &#8211; 0.75&#8243;"},"content":{"rendered":"<div class=\"product-description\">\n<h2>Magpul &#8211; CTR \/ MOE Elevador de Bochecha &#8211; 0,75&#8243;<\/h2>\n<p>O Elevador de Bochecha Magpul CTR \/ MOE \u00e9 um acess\u00f3rio projetado para elevar o apoio da bochecha em 1,9 cm, melhorando o conforto e o alinhamento da mira para v\u00e1rias aplica\u00e7\u00f5es de armas de fogo.<\/p>\n<ul>\n<li>Compat\u00edvel com coronhas CTR, MOE\u00ae, DT e PR Carbine<\/li>\n<li>Adequado para configura\u00e7\u00f5es n\u00e3o AR15\/M4, como convers\u00f5es de coronha de carabina M14<\/li>\n<li>Instala\u00e7\u00e3o f\u00e1cil de encaixe<\/li>\n<li>Fabricado nos EUA<\/li>\n<li>NSN: MAG327-BLK 1005-01-591-6041<\/li>\n<\/ul>\n<p><strong>Observa\u00e7\u00e3o:<\/strong> Pode interferir na fun\u00e7\u00e3o da alavanca de manejo em plataformas AR15\/M4, a menos que a coronha esteja totalmente estendida.<\/p>\n<\/div>\n","protected":false},"excerpt":{"rendered":"<p>&#8220;Elevador de bochechas de 1,9 cm com encaixe de clipe para maior conforto e precis\u00e3o.&#8221;<\/p>\n","protected":false},"featured_media":237158,"template":"","meta":{"_acf_changed":false},"product_brand":[11543],"product_cat":[654,8974,655],"product_tag":[],"class_list":{"0":"post-285497","1":"product","2":"type-product","3":"status-publish","4":"has-post-thumbnail","6":"product_brand-magpul","7":"product_cat-rifle-pt-pt","8":"product_cat-rifle-stocks-pt-pt","9":"product_cat-rifle-parts-pt-pt","11":"first","12":"instock","13":"taxable","14":"shipping-taxable","15":"purchasable","16":"product-type-variable","17":"wvs-archive-product-wrapper"},"acf":[],"_links":{"self":[{"href":"https:\/\/staging.nbg.eu\/pt-pt\/wp-json\/wp\/v2\/product\/285497","targetHints":{"allow":["GET"]}}],"collection":[{"href":"https:\/\/staging.nbg.eu\/pt-pt\/wp-json\/wp\/v2\/product"}],"about":[{"href":"https:\/\/staging.nbg.eu\/pt-pt\/wp-json\/wp\/v2\/types\/product"}],"wp:featuredmedia":[{"embeddable":true,"href":"https:\/\/staging.nbg.eu\/pt-pt\/wp-json\/wp\/v2\/media\/237158"}],"wp:attachment":[{"href":"https:\/\/staging.nbg.eu\/pt-pt\/wp-json\/wp\/v2\/media?parent=285497"}],"wp:term":[{"taxonomy":"product_brand","embeddable":true,"href":"https:\/\/staging.nbg.eu\/pt-pt\/wp-json\/wp\/v2\/product_brand?post=285497"},{"taxonomy":"product_cat","embeddable":true,"href":"https:\/\/staging.nbg.eu\/pt-pt\/wp-json\/wp\/v2\/product_cat?post=285497"},{"taxonomy":"product_tag","embeddable":true,"href":"https:\/\/staging.nbg.eu\/pt-pt\/wp-json\/wp\/v2\/product_tag?post=285497"}],"curies":[{"name":"wp","href":"https:\/\/api.w.org\/{rel}","templated":true}]}}