{"id":284362,"date":"2025-03-06T20:15:14","date_gmt":"2025-03-06T20:15:14","guid":{"rendered":"https:\/\/staging.nbg.eu\/product\/clawgear-ak47-gas-tube-cover\/"},"modified":"2025-03-25T13:01:35","modified_gmt":"2025-03-25T13:01:35","slug":"clawgear-cobertura-de-tubo-de-gas-ak47","status":"publish","type":"product","link":"https:\/\/staging.nbg.eu\/pt-pt\/produto\/clawgear-cobertura-de-tubo-de-gas-ak47\/","title":{"rendered":"Clawgear &#8211; Cobertura de Tubo de G\u00e1s AK47"},"content":{"rendered":"<h2>Clawgear &#8211; Cobertura do Tubo de G\u00e1s para AK47<\/h2>\n<p>Acess\u00f3rio para AK47, projetado para uso com o Guarda-m\u00e3o Slimline CG. Este acess\u00f3rio inclui:<\/p>\n<ul>\n<li>Trilho Picatinny Mil-STD 1913 \/ Stanag 4694 na parte superior<\/li>\n<li>Constru\u00e7\u00e3o em alum\u00ednio<\/li>\n<li>Revestimento preto resistente<\/li>\n<\/ul>\n<p>Este acess\u00f3rio mede 10cm de comprimento e pesa 80g.<\/p>\n<p><strong>Nota:<\/strong> Este produto \u00e9 compat\u00edvel <em>apenas<\/em> com o Guarda-m\u00e3o Slimline AK47 da Clawgear.<\/p>\n<p>Cobertura do Tubo de G\u00e1s Clawgear AK47 para sua configura\u00e7\u00e3o.<\/p>\n","protected":false},"excerpt":{"rendered":"<p>Cobertura resistente do tubo de g\u00e1s AK47 com trilho Picatinny para guarda-m\u00e3o Slimline.<\/p>\n","protected":false},"featured_media":244892,"template":"","meta":{"_acf_changed":false},"product_brand":[11231],"product_cat":[1376,733,654],"product_tag":[],"class_list":{"0":"post-284362","1":"product","2":"type-product","3":"status-publish","4":"has-post-thumbnail","6":"product_brand-clawgear","7":"product_cat-ak-tuning-pt-pt","8":"product_cat-rails-pt-pt","9":"product_cat-rifle-pt-pt","11":"first","12":"instock","13":"taxable","14":"shipping-taxable","15":"purchasable","16":"product-type-simple"},"acf":[],"_links":{"self":[{"href":"https:\/\/staging.nbg.eu\/pt-pt\/wp-json\/wp\/v2\/product\/284362","targetHints":{"allow":["GET"]}}],"collection":[{"href":"https:\/\/staging.nbg.eu\/pt-pt\/wp-json\/wp\/v2\/product"}],"about":[{"href":"https:\/\/staging.nbg.eu\/pt-pt\/wp-json\/wp\/v2\/types\/product"}],"wp:featuredmedia":[{"embeddable":true,"href":"https:\/\/staging.nbg.eu\/pt-pt\/wp-json\/wp\/v2\/media\/244892"}],"wp:attachment":[{"href":"https:\/\/staging.nbg.eu\/pt-pt\/wp-json\/wp\/v2\/media?parent=284362"}],"wp:term":[{"taxonomy":"product_brand","embeddable":true,"href":"https:\/\/staging.nbg.eu\/pt-pt\/wp-json\/wp\/v2\/product_brand?post=284362"},{"taxonomy":"product_cat","embeddable":true,"href":"https:\/\/staging.nbg.eu\/pt-pt\/wp-json\/wp\/v2\/product_cat?post=284362"},{"taxonomy":"product_tag","embeddable":true,"href":"https:\/\/staging.nbg.eu\/pt-pt\/wp-json\/wp\/v2\/product_tag?post=284362"}],"curies":[{"name":"wp","href":"https:\/\/api.w.org\/{rel}","templated":true}]}}