{"id":284080,"date":"2025-03-05T07:25:38","date_gmt":"2025-03-25T10:18:46","guid":{"rendered":"https:\/\/staging.nbg.eu\/product\/magpul-daka-window-pouch-large\/"},"modified":"2025-03-25T10:20:53","modified_gmt":"2025-03-25T10:20:53","slug":"magpul-bolsa-com-janela-daka-grande","status":"publish","type":"product","link":"https:\/\/staging.nbg.eu\/pt-pt\/produto\/magpul-bolsa-com-janela-daka-grande\/","title":{"rendered":"Magpul &#8211; Bolsa com Janela DAKA, Grande"},"content":{"rendered":"<div class=\"product-description\">\n<h2>Magpul &#8211; Bolsa DAKA\u00ae com Janela, Grande<\/h2>\n<p>Bolsa grande e resistente projetada para organiza\u00e7\u00e3o em ambientes adversos.<\/p>\n<ul>\n<li>Constru\u00e7\u00e3o t\u00eaxtil com pol\u00edmero e costuras soldadas por radiofrequ\u00eancia<\/li>\n<li>Z\u00edper YKK\u00ae resistente \u00e0 \u00e1gua<\/li>\n<li>Janela transl\u00facida para identifica\u00e7\u00e3o do conte\u00fado<\/li>\n<li>Textura antiderrapante e tecido refor\u00e7ado<\/li>\n<li>Pontos de fixa\u00e7\u00e3o para mosquet\u00e3o<\/li>\n<li>Puxador de z\u00edper em paracord 550 com tubo termorretr\u00e1til<\/li>\n<li>Matriz de pontos para marca\u00e7\u00e3o personalizada<\/li>\n<\/ul>\n<p>Dimens\u00f5es: 22,86 cm x 33,02 cm com z\u00edper de 25,4 cm. Para armazenar ferramentas, muni\u00e7\u00f5es ou acess\u00f3rios eletr\u00f4nicos em condi\u00e7\u00f5es externas desafiadoras.<\/p>\n<\/div>\n","protected":false},"excerpt":{"rendered":"<p>Bolsa dur\u00e1vel e resistente \u00e0 \u00e1gua com janela para f\u00e1cil organiza\u00e7\u00e3o.<\/p>\n","protected":false},"featured_media":237668,"template":"","meta":{"_acf_changed":false},"product_brand":[11543],"product_cat":[574,575],"product_tag":[],"class_list":{"0":"post-284080","1":"product","2":"type-product","3":"status-publish","4":"has-post-thumbnail","6":"product_brand-magpul","7":"product_cat-gear-pt-pt","8":"product_cat-pouches-pt-pt","10":"first","11":"instock","12":"taxable","13":"shipping-taxable","14":"purchasable","15":"product-type-simple"},"acf":[],"_links":{"self":[{"href":"https:\/\/staging.nbg.eu\/pt-pt\/wp-json\/wp\/v2\/product\/284080","targetHints":{"allow":["GET"]}}],"collection":[{"href":"https:\/\/staging.nbg.eu\/pt-pt\/wp-json\/wp\/v2\/product"}],"about":[{"href":"https:\/\/staging.nbg.eu\/pt-pt\/wp-json\/wp\/v2\/types\/product"}],"wp:featuredmedia":[{"embeddable":true,"href":"https:\/\/staging.nbg.eu\/pt-pt\/wp-json\/wp\/v2\/media\/237668"}],"wp:attachment":[{"href":"https:\/\/staging.nbg.eu\/pt-pt\/wp-json\/wp\/v2\/media?parent=284080"}],"wp:term":[{"taxonomy":"product_brand","embeddable":true,"href":"https:\/\/staging.nbg.eu\/pt-pt\/wp-json\/wp\/v2\/product_brand?post=284080"},{"taxonomy":"product_cat","embeddable":true,"href":"https:\/\/staging.nbg.eu\/pt-pt\/wp-json\/wp\/v2\/product_cat?post=284080"},{"taxonomy":"product_tag","embeddable":true,"href":"https:\/\/staging.nbg.eu\/pt-pt\/wp-json\/wp\/v2\/product_tag?post=284080"}],"curies":[{"name":"wp","href":"https:\/\/api.w.org\/{rel}","templated":true}]}}