{"id":283847,"date":"2025-03-06T09:57:41","date_gmt":"2025-03-25T09:36:00","guid":{"rendered":"https:\/\/staging.nbg.eu\/product\/clawgear-ar15-gasblock-0-750\/"},"modified":"2025-03-25T09:38:14","modified_gmt":"2025-03-25T09:38:14","slug":"clawgear-bloco-de-gas-ar15-0750","status":"publish","type":"product","link":"https:\/\/staging.nbg.eu\/pt-pt\/produto\/clawgear-bloco-de-gas-ar15-0750\/","title":{"rendered":"Clawgear Bloco de G\u00e1s AR15 0.750"},"content":{"rendered":"<h2>Clawgear AR15 Bloco de G\u00e1s 0.750<\/h2>\n<p>O Clawgear AR15 Bloco de G\u00e1s 0.750 tem um design de baixo perfil com superf\u00edcie escovada e se encaixa sob a maioria dos guarda-m\u00e3os flutuantes, garantindo a precis\u00e3o do cano.<\/p>\n<h2>Caracter\u00edsticas principais:<\/h2>\n<ul>\n<li>Constru\u00e7\u00e3o em a\u00e7o s\u00f3lido de uma pe\u00e7a para durabilidade<\/li>\n<li>Usinado com precis\u00e3o para minimizar vazamento de g\u00e1s<\/li>\n<li>Projetado para di\u00e2metro externo do cano de 0.750&#8243; na porta de g\u00e1s<\/li>\n<li>Resiste a gases quentes mesmo em condi\u00e7\u00f5es severas<\/li>\n<\/ul>\n<h2>Especifica\u00e7\u00f5es:<\/h2>\n<ul>\n<li>Dimens\u00f5es: 2.8 x 2.8 x 2.4 cm<\/li>\n<li>Peso: 0.05 kg<\/li>\n<\/ul>\n<p>O Clawgear AR15 Bloco de G\u00e1s 0.750 melhora o desempenho e a confiabilidade do AR15.<\/p>\n","protected":false},"excerpt":{"rendered":"<p>Bloco de g\u00e1s de perfil baixo para AR15, adapta-se a canos de 0.750&#8243;. Constru\u00e7\u00e3o dur\u00e1vel em a\u00e7o.<\/p>\n","protected":false},"featured_media":240395,"template":"","meta":{"_acf_changed":false},"product_brand":[11231],"product_cat":[653,654,655],"product_tag":[],"class_list":{"0":"post-283847","1":"product","2":"type-product","3":"status-publish","4":"has-post-thumbnail","6":"product_brand-clawgear","7":"product_cat-gas-blocks-pt-pt","8":"product_cat-rifle-pt-pt","9":"product_cat-rifle-parts-pt-pt","11":"first","12":"instock","13":"taxable","14":"shipping-taxable","15":"purchasable","16":"product-type-simple"},"acf":[],"_links":{"self":[{"href":"https:\/\/staging.nbg.eu\/pt-pt\/wp-json\/wp\/v2\/product\/283847","targetHints":{"allow":["GET"]}}],"collection":[{"href":"https:\/\/staging.nbg.eu\/pt-pt\/wp-json\/wp\/v2\/product"}],"about":[{"href":"https:\/\/staging.nbg.eu\/pt-pt\/wp-json\/wp\/v2\/types\/product"}],"wp:featuredmedia":[{"embeddable":true,"href":"https:\/\/staging.nbg.eu\/pt-pt\/wp-json\/wp\/v2\/media\/240395"}],"wp:attachment":[{"href":"https:\/\/staging.nbg.eu\/pt-pt\/wp-json\/wp\/v2\/media?parent=283847"}],"wp:term":[{"taxonomy":"product_brand","embeddable":true,"href":"https:\/\/staging.nbg.eu\/pt-pt\/wp-json\/wp\/v2\/product_brand?post=283847"},{"taxonomy":"product_cat","embeddable":true,"href":"https:\/\/staging.nbg.eu\/pt-pt\/wp-json\/wp\/v2\/product_cat?post=283847"},{"taxonomy":"product_tag","embeddable":true,"href":"https:\/\/staging.nbg.eu\/pt-pt\/wp-json\/wp\/v2\/product_tag?post=283847"}],"curies":[{"name":"wp","href":"https:\/\/api.w.org\/{rel}","templated":true}]}}