{"id":282250,"date":"2025-03-06T10:40:18","date_gmt":"2025-03-06T10:40:18","guid":{"rendered":"https:\/\/staging.nbg.eu\/product\/ftcs-rear-sights-mounting-for-optics-ak-pmk-2-0-picatinny\/"},"modified":"2025-03-24T13:25:04","modified_gmt":"2025-03-24T13:25:04","slug":"ftcs-montagem-de-miras-traseiras-para-oticas-ak-pmk-20-picatinny","status":"publish","type":"product","link":"https:\/\/staging.nbg.eu\/pt-pt\/produto\/ftcs-montagem-de-miras-traseiras-para-oticas-ak-pmk-20-picatinny\/","title":{"rendered":"FTCS &#8211; Montagem de Miras Traseiras para \u00d3ticas AK, PMK 2.0 Picatinny"},"content":{"rendered":"<div class=\"product-description\">\n<h2>FTCS &#8211; Montagem de Miras Traseiras para \u00d3pticas AK, PMK 2.0 Picatinny<\/h2>\n<p>Adaptador PMK 2.0 Picatinny da FTCS para carabinas da fam\u00edlia AK. Este adaptador permite montar \u00f3pticas modernas.<\/p>\n<ul>\n<li>Compat\u00edvel com AK\/AKS, AKM\/AKMS, AK-74\/AKS-74 e outros<\/li>\n<li>Trilho padr\u00e3o Picatinny\/RIS (70mm de comprimento, 7 ranhuras)<\/li>\n<li>Constru\u00e7\u00e3o em alum\u00ednio com revestimento Cerakote H-146 Preto Grafite<\/li>\n<li>Mant\u00e9m a funcionalidade da mira de ferro original<\/li>\n<li>Sistema de montagem com tr\u00eas parafusos<\/li>\n<li>Peso de 34g<\/li>\n<\/ul>\n<p>O PMK 2.0 \u00e9 uma alternativa aos trilhos de cobertura do tubo de g\u00e1s ou sistemas integrados. Seu alinhamento central preserva o equil\u00edbrio da arma. Combina miras tradicionais e \u00f3pticas modernas.<\/p>\n<\/div>\n","protected":false},"excerpt":{"rendered":"<p>Suporte de mira traseira para \u00f3pticas AK. Trilho Picatinny, alum\u00ednio dur\u00e1vel, revestimento Cerakote.<\/p>\n","protected":false},"featured_media":241491,"template":"","meta":{"_acf_changed":false},"product_brand":[11325],"product_cat":[1376,654,655],"product_tag":[],"class_list":{"0":"post-282250","1":"product","2":"type-product","3":"status-publish","4":"has-post-thumbnail","6":"product_brand-ftcs","7":"product_cat-ak-tuning-pt-pt","8":"product_cat-rifle-pt-pt","9":"product_cat-rifle-parts-pt-pt","11":"first","12":"instock","13":"taxable","14":"shipping-taxable","15":"purchasable","16":"product-type-simple"},"acf":[],"_links":{"self":[{"href":"https:\/\/staging.nbg.eu\/pt-pt\/wp-json\/wp\/v2\/product\/282250","targetHints":{"allow":["GET"]}}],"collection":[{"href":"https:\/\/staging.nbg.eu\/pt-pt\/wp-json\/wp\/v2\/product"}],"about":[{"href":"https:\/\/staging.nbg.eu\/pt-pt\/wp-json\/wp\/v2\/types\/product"}],"wp:featuredmedia":[{"embeddable":true,"href":"https:\/\/staging.nbg.eu\/pt-pt\/wp-json\/wp\/v2\/media\/241491"}],"wp:attachment":[{"href":"https:\/\/staging.nbg.eu\/pt-pt\/wp-json\/wp\/v2\/media?parent=282250"}],"wp:term":[{"taxonomy":"product_brand","embeddable":true,"href":"https:\/\/staging.nbg.eu\/pt-pt\/wp-json\/wp\/v2\/product_brand?post=282250"},{"taxonomy":"product_cat","embeddable":true,"href":"https:\/\/staging.nbg.eu\/pt-pt\/wp-json\/wp\/v2\/product_cat?post=282250"},{"taxonomy":"product_tag","embeddable":true,"href":"https:\/\/staging.nbg.eu\/pt-pt\/wp-json\/wp\/v2\/product_tag?post=282250"}],"curies":[{"name":"wp","href":"https:\/\/api.w.org\/{rel}","templated":true}]}}