{"id":279282,"date":"2025-03-03T19:53:03","date_gmt":"2025-03-21T12:33:40","guid":{"rendered":"https:\/\/staging.nbg.eu\/product\/daa-x-ray-aluminum-pouch\/"},"modified":"2025-03-21T12:35:56","modified_gmt":"2025-03-21T12:35:56","slug":"daa-bolsa-de-aluminio-x-ray","status":"publish","type":"product","link":"https:\/\/staging.nbg.eu\/pt-pt\/produto\/daa-bolsa-de-aluminio-x-ray\/","title":{"rendered":"DAA Bolsa de Alum\u00ednio X-Ray"},"content":{"rendered":"<h2>Porta-Carregador de Alum\u00ednio DAA X-Ray<\/h2>\n<p>O porta-carregador de competi\u00e7\u00e3o DAA X-Ray Aluminum Pouch, baseado nos modelos Xi e XIP, oferece:<\/p>\n<ul>\n<li>Borda superior otimizada para facilitar a inser\u00e7\u00e3o do carregador<\/li>\n<li>Parafuso adicional para evitar desbloqueio acidental<\/li>\n<li>Junta esf\u00e9rica de 13mm para maior estabilidade<\/li>\n<li>Design transparente com recortes para redu\u00e7\u00e3o de peso<\/li>\n<li>Oito pontos de montagem para uso ambidestro<\/li>\n<li>Suporte de cinto com junta esf\u00e9rica de alum\u00ednio para \u00e2ngulos ajust\u00e1veis<\/li>\n<li>Tr\u00eas conjuntos de espa\u00e7adores para compatibilidade com diversos carregadores<\/li>\n<li>Posi\u00e7\u00f5es de altura ajust\u00e1veis para o pino de parada de a\u00e7o<\/li>\n<li>Ajuste de tens\u00e3o sem ferramentas<\/li>\n<\/ul>\n<p>Dispon\u00edvel em acabamentos anodizados Azul, Vermelho, Preto e Prata, o Porta-Carregador de Alum\u00ednio X-Ray \u00e9 adequado para atiradores competitivos.<\/p>\n","protected":false},"excerpt":{"rendered":"<p>Bolsa de Alum\u00ednio DAA X-Ray: Design inovador, leve e transparente para atiradores competitivos.<\/p>\n","protected":false},"featured_media":236028,"template":"","meta":{"_acf_changed":false},"product_brand":[11280],"product_cat":[574,1214,575],"product_tag":[],"class_list":{"0":"post-279282","1":"product","2":"type-product","3":"status-publish","4":"has-post-thumbnail","6":"product_brand-doublealpha","7":"product_cat-gear-pt-pt","8":"product_cat-magazine-holders-pt-pt","9":"product_cat-pouches-pt-pt","11":"first","12":"outofstock","13":"taxable","14":"shipping-taxable","15":"purchasable","16":"product-type-variable","17":"wvs-archive-product-wrapper"},"acf":[],"_links":{"self":[{"href":"https:\/\/staging.nbg.eu\/pt-pt\/wp-json\/wp\/v2\/product\/279282","targetHints":{"allow":["GET"]}}],"collection":[{"href":"https:\/\/staging.nbg.eu\/pt-pt\/wp-json\/wp\/v2\/product"}],"about":[{"href":"https:\/\/staging.nbg.eu\/pt-pt\/wp-json\/wp\/v2\/types\/product"}],"wp:featuredmedia":[{"embeddable":true,"href":"https:\/\/staging.nbg.eu\/pt-pt\/wp-json\/wp\/v2\/media\/236028"}],"wp:attachment":[{"href":"https:\/\/staging.nbg.eu\/pt-pt\/wp-json\/wp\/v2\/media?parent=279282"}],"wp:term":[{"taxonomy":"product_brand","embeddable":true,"href":"https:\/\/staging.nbg.eu\/pt-pt\/wp-json\/wp\/v2\/product_brand?post=279282"},{"taxonomy":"product_cat","embeddable":true,"href":"https:\/\/staging.nbg.eu\/pt-pt\/wp-json\/wp\/v2\/product_cat?post=279282"},{"taxonomy":"product_tag","embeddable":true,"href":"https:\/\/staging.nbg.eu\/pt-pt\/wp-json\/wp\/v2\/product_tag?post=279282"}],"curies":[{"name":"wp","href":"https:\/\/api.w.org\/{rel}","templated":true}]}}