{"id":278777,"date":"2025-03-02T06:06:39","date_gmt":"2025-03-21T10:59:58","guid":{"rendered":"https:\/\/staging.nbg.eu\/product\/144-area-419-billet-loading-block-clear-anodized\/"},"modified":"2025-03-21T11:02:15","modified_gmt":"2025-03-21T11:02:15","slug":"area-419-bloco-de-carregamento-billet-anodizado-transparente","status":"publish","type":"product","link":"https:\/\/staging.nbg.eu\/pt-pt\/produto\/area-419-bloco-de-carregamento-billet-anodizado-transparente\/","title":{"rendered":"Area 419 &#8211; Bloco de Carregamento Billet &#8211; Anodizado Transparente"},"content":{"rendered":"<h2>Bloco de Carregamento em Alum\u00ednio Area 419 &#8211; Anodizado Transparente<\/h2>\n<p>O Bloco de Carregamento Anodizado Area 419 apresenta:<\/p>\n<ul>\n<li>50 espa\u00e7os para cartuchos 308, Magnum ou Lapua<\/li>\n<li>Constru\u00e7\u00e3o em alum\u00ednio 6061-T6 com acabamento anodizado transparente<\/li>\n<li>Dimens\u00f5es: 24,13 cm x 10,16 cm x 1,59 cm<\/li>\n<li>Furos de 1,27 cm de profundidade com ajuste justo<\/li>\n<li>Reentr\u00e2ncias centrais para capturar gr\u00e3os de p\u00f3lvora<\/li>\n<li>Almofadas de borracha antiderrapantes na base<\/li>\n<\/ul>\n<p>Di\u00e2metros de furos dispon\u00edveis: 223 (0,99 cm), ARC\/Grendel (1,15 cm), 308 (1,23 cm), 284 (1,31 cm), Magnum (1,42 cm), Lapua (1,52 cm) e Cheytac (1,66 cm).<\/p>\n<p>Peso: 635 g<\/p>\n<p>Bloco de carregamento da Area 419.<\/p>\n","protected":false},"excerpt":{"rendered":"<p>Bloco de carregamento anodizado dur\u00e1vel para 50 muni\u00e7\u00f5es. Usinado com precis\u00e3o e antiderrapante.<\/p>\n","protected":false},"featured_media":233224,"template":"","meta":{"_acf_changed":false},"product_brand":[11041],"product_cat":[1082,1235],"product_tag":[],"class_list":{"0":"post-278777","1":"product","2":"type-product","3":"status-publish","4":"has-post-thumbnail","6":"product_brand-area-419","7":"product_cat-reloading-pt-pt","8":"product_cat-reloading-accessories-pt-pt","10":"first","11":"instock","12":"taxable","13":"shipping-taxable","14":"purchasable","15":"product-type-variable","16":"wvs-archive-product-wrapper"},"acf":[],"_links":{"self":[{"href":"https:\/\/staging.nbg.eu\/pt-pt\/wp-json\/wp\/v2\/product\/278777","targetHints":{"allow":["GET"]}}],"collection":[{"href":"https:\/\/staging.nbg.eu\/pt-pt\/wp-json\/wp\/v2\/product"}],"about":[{"href":"https:\/\/staging.nbg.eu\/pt-pt\/wp-json\/wp\/v2\/types\/product"}],"wp:featuredmedia":[{"embeddable":true,"href":"https:\/\/staging.nbg.eu\/pt-pt\/wp-json\/wp\/v2\/media\/233224"}],"wp:attachment":[{"href":"https:\/\/staging.nbg.eu\/pt-pt\/wp-json\/wp\/v2\/media?parent=278777"}],"wp:term":[{"taxonomy":"product_brand","embeddable":true,"href":"https:\/\/staging.nbg.eu\/pt-pt\/wp-json\/wp\/v2\/product_brand?post=278777"},{"taxonomy":"product_cat","embeddable":true,"href":"https:\/\/staging.nbg.eu\/pt-pt\/wp-json\/wp\/v2\/product_cat?post=278777"},{"taxonomy":"product_tag","embeddable":true,"href":"https:\/\/staging.nbg.eu\/pt-pt\/wp-json\/wp\/v2\/product_tag?post=278777"}],"curies":[{"name":"wp","href":"https:\/\/api.w.org\/{rel}","templated":true}]}}